{"id":944,"date":"2022-01-09T20:28:09","date_gmt":"2022-01-09T20:28:09","guid":{"rendered":"https:\/\/oscarmcastro.com\/?page_id=944"},"modified":"2023-12-29T01:25:45","modified_gmt":"2023-12-29T01:25:45","slug":"parque-infantil-tematico-oceano","status":"publish","type":"page","link":"https:\/\/oscarmcastro.com\/index.php\/parque-infantil-tematico-oceano\/","title":{"rendered":"Parque infantil tem\u00e1tico oc\u00e9ano"},"content":{"rendered":"\t\t<div data-elementor-type=\"wp-page\" data-elementor-id=\"944\" class=\"elementor elementor-944\">\n\t\t\t\t\t\t<section class=\"elementor-section elementor-top-section elementor-element elementor-element-692f6ce elementor-section-boxed elementor-section-height-default elementor-section-height-default\" data-id=\"692f6ce\" data-element_type=\"section\" data-e-type=\"section\">\n\t\t\t\t\t\t<div class=\"elementor-container elementor-column-gap-default\">\n\t\t\t\t\t<div class=\"elementor-column elementor-col-100 elementor-top-column elementor-element elementor-element-b96a22f\" data-id=\"b96a22f\" data-element_type=\"column\" data-e-type=\"column\">\n\t\t\t<div class=\"elementor-widget-wrap elementor-element-populated\">\n\t\t\t\t\t\t<div class=\"elementor-element elementor-element-3aad9fd elementor-widget elementor-widget-heading\" data-id=\"3aad9fd\" data-element_type=\"widget\" data-e-type=\"widget\" data-widget_type=\"heading.default\">\n\t\t\t\t<div class=\"elementor-widget-container\">\n\t\t\t\t\t<h2 class=\"elementor-heading-title elementor-size-default\">arque infantil tem\u00e1tico oc\u00e9ano \/ <br>Ocean-themed children's playground<div style=\"border: 0px solid transparent;--tw-border-spacing-x: 0;--tw-border-spacing-y: 0;--tw-translate-x: 0;--tw-translate-y: 0;--tw-rotate: 0;--tw-skew-x: 0;--tw-skew-y: 0;--tw-scale-x: 1;--tw-scale-y: 1;--tw-pan-x:;--tw-pan-y:;--tw-pinch-zoom:;--tw-scroll-snap-strictness: proximity;--tw-gradient-from-position:;--tw-gradient-via-position:;--tw-gradient-to-position:;--tw-ordinal:;--tw-slashed-zero:;--tw-numeric-figure:;--tw-numeric-spacing:;--tw-numeric-fraction:;--tw-ring-inset:;--tw-ring-offset-width: 0px;--tw-ring-offset-color: #fff;--tw-ring-offset-shadow: 0 0 transparent;--tw-ring-shadow: 0 0 transparent;--tw-shadow: 0 0 transparent;--tw-shadow-colored: 0 0 transparent;--tw-blur:;--tw-brightness:;--tw-contrast:;--tw-grayscale:;--tw-hue-rotate:;--tw-invert:;--tw-saturate:;--tw-sepia:;--tw-drop-shadow:;--tw-backdrop-blur:;--tw-backdrop-brightness:;--tw-backdrop-contrast:;--tw-backdrop-grayscale:;--tw-backdrop-hue-rotate:;--tw-backdrop-invert:;--tw-backdrop-opacity:;--tw-backdrop-saturate:;--tw-backdrop-sepia:;width: calc(100% - 0.5rem);padding-top: 0px;font-size: medium;font-weight: 400;text-align: start\"><div style=\"--tw-border-spacing-x: 0;--tw-border-spacing-y: 0;--tw-translate-x: 0;--tw-translate-y: 0;--tw-rotate: 0;--tw-skew-x: 0;--tw-skew-y: 0;--tw-scale-x: 1;--tw-scale-y: 1;--tw-pan-x:;--tw-pan-y:;--tw-pinch-zoom:;--tw-scroll-snap-strictness: proximity;--tw-gradient-from-position:;--tw-gradient-via-position:;--tw-gradient-to-position:;--tw-ordinal:;--tw-slashed-zero:;--tw-numeric-figure:;--tw-numeric-spacing:;--tw-numeric-fraction:;--tw-ring-inset:;--tw-ring-offset-width: 0px;--tw-ring-offset-color: #fff;--tw-ring-offset-shadow: 0 0 transparent;--tw-ring-shadow: 0 0 transparent;--tw-shadow: 0 0 transparent;--tw-shadow-colored: 0 0 transparent;--tw-blur:;--tw-brightness:;--tw-contrast:;--tw-grayscale:;--tw-hue-rotate:;--tw-invert:;--tw-saturate:;--tw-sepia:;--tw-drop-shadow:;--tw-backdrop-blur:;--tw-backdrop-brightness:;--tw-backdrop-contrast:;--tw-backdrop-grayscale:;--tw-backdrop-hue-rotate:;--tw-backdrop-invert:;--tw-backdrop-opacity:;--tw-backdrop-saturate:;--tw-backdrop-sepia:;position: relative;height: 53.6px;flex: 1 1 0%;align-items: stretch;flex-direction: column\"><span style=\"font-family: Roboto, sans-serif;font-size: 45px;font-weight: 600;text-align: center\"><\/span><div style=\"--tw-border-spacing-x: 0;--tw-border-spacing-y: 0;--tw-translate-x: 0;--tw-translate-y: 0;--tw-rotate: 0;--tw-skew-x: 0;--tw-skew-y: 0;--tw-scale-x: 1;--tw-scale-y: 1;--tw-pan-x:;--tw-pan-y:;--tw-pinch-zoom:;--tw-scroll-snap-strictness: proximity;--tw-gradient-from-position:;--tw-gradient-via-position:;--tw-gradient-to-position:;--tw-ordinal:;--tw-slashed-zero:;--tw-numeric-figure:;--tw-numeric-spacing:;--tw-numeric-fraction:;--tw-ring-inset:;--tw-ring-offset-width: 0px;--tw-ring-offset-color: #fff;--tw-ring-offset-shadow: 0 0 transparent;--tw-ring-shadow: 0 0 transparent;--tw-shadow: 0 0 transparent;--tw-shadow-colored: 0 0 transparent;--tw-blur:;--tw-brightness:;--tw-contrast:;--tw-grayscale:;--tw-hue-rotate:;--tw-invert:;--tw-saturate:;--tw-sepia:;--tw-drop-shadow:;--tw-backdrop-blur:;--tw-backdrop-brightness:;--tw-backdrop-contrast:;--tw-backdrop-grayscale:;--tw-backdrop-hue-rotate:;--tw-backdrop-invert:;--tw-backdrop-opacity:;--tw-backdrop-saturate:;--tw-backdrop-sepia:;width: 768px;align-items: center\"><\/div><\/div><\/div><\/h2>\t\t\t\t<\/div>\n\t\t\t\t<\/div>\n\t\t\t\t<div class=\"elementor-element elementor-element-a1d425e elementor-widget elementor-widget-text-editor\" data-id=\"a1d425e\" data-element_type=\"widget\" data-e-type=\"widget\" data-widget_type=\"text-editor.default\">\n\t\t\t\t<div class=\"elementor-widget-container\">\n\t\t\t\t\t\t\t\t\t<p align=\"center\">Parque atracci\u00f3n para centros comerciales basado en el oc\u00e9ano \/ Attraction for mall inspired in the ocean.<\/p><p align=\"center\">Elaborado en colaboracion con Publicom S.A.S. \/ In association with Publicom S.A.S.<\/p><p align=\"center\">A\u00f1o de elaboraci\u00f3n \/ Year of production: 2019<\/p><p align=\"center\">Bucaramanga \u2013 Colombia<\/p>\t\t\t\t\t\t\t\t<\/div>\n\t\t\t\t<\/div>\n\t\t\t\t<div class=\"elementor-element elementor-element-b515c38 elementor-widget elementor-widget-image\" data-id=\"b515c38\" data-element_type=\"widget\" data-e-type=\"widget\" data-widget_type=\"image.default\">\n\t\t\t\t<div class=\"elementor-widget-container\">\n\t\t\t\t\t\t\t\t\t\t\t\t\t\t\t<img fetchpriority=\"high\" decoding=\"async\" width=\"640\" height=\"446\" src=\"https:\/\/oscarmcastro.com\/wp-content\/uploads\/2022\/01\/1-4-768x535.jpg\" class=\"attachment-medium_large size-medium_large wp-image-946\" alt=\"\" srcset=\"https:\/\/oscarmcastro.com\/wp-content\/uploads\/2022\/01\/1-4-768x535.jpg 768w, https:\/\/oscarmcastro.com\/wp-content\/uploads\/2022\/01\/1-4-300x209.jpg 300w, https:\/\/oscarmcastro.com\/wp-content\/uploads\/2022\/01\/1-4-1024x713.jpg 1024w, https:\/\/oscarmcastro.com\/wp-content\/uploads\/2022\/01\/1-4.jpg 1080w\" sizes=\"100vw\" \/>\t\t\t\t\t\t\t\t\t\t\t\t\t\t\t<\/div>\n\t\t\t\t<\/div>\n\t\t\t\t<div class=\"elementor-element elementor-element-3b993d3 elementor-widget elementor-widget-image\" data-id=\"3b993d3\" data-element_type=\"widget\" data-e-type=\"widget\" data-widget_type=\"image.default\">\n\t\t\t\t<div class=\"elementor-widget-container\">\n\t\t\t\t\t\t\t\t\t\t\t\t\t\t\t<img decoding=\"async\" width=\"640\" height=\"443\" src=\"https:\/\/oscarmcastro.com\/wp-content\/uploads\/2022\/01\/2-3-768x532.jpg\" class=\"attachment-medium_large size-medium_large wp-image-947\" alt=\"\" srcset=\"https:\/\/oscarmcastro.com\/wp-content\/uploads\/2022\/01\/2-3-768x532.jpg 768w, https:\/\/oscarmcastro.com\/wp-content\/uploads\/2022\/01\/2-3-300x208.jpg 300w, https:\/\/oscarmcastro.com\/wp-content\/uploads\/2022\/01\/2-3-1024x709.jpg 1024w, https:\/\/oscarmcastro.com\/wp-content\/uploads\/2022\/01\/2-3.jpg 1080w\" sizes=\"100vw\" \/>\t\t\t\t\t\t\t\t\t\t\t\t\t\t\t<\/div>\n\t\t\t\t<\/div>\n\t\t\t\t<div class=\"elementor-element elementor-element-c5eee02 elementor-widget elementor-widget-image\" data-id=\"c5eee02\" data-element_type=\"widget\" data-e-type=\"widget\" data-widget_type=\"image.default\">\n\t\t\t\t<div class=\"elementor-widget-container\">\n\t\t\t\t\t\t\t\t\t\t\t\t\t\t\t<img decoding=\"async\" width=\"640\" height=\"442\" src=\"https:\/\/oscarmcastro.com\/wp-content\/uploads\/2022\/01\/3-3-768x530.jpg\" class=\"attachment-medium_large size-medium_large wp-image-948\" alt=\"\" srcset=\"https:\/\/oscarmcastro.com\/wp-content\/uploads\/2022\/01\/3-3-768x530.jpg 768w, https:\/\/oscarmcastro.com\/wp-content\/uploads\/2022\/01\/3-3-300x207.jpg 300w, https:\/\/oscarmcastro.com\/wp-content\/uploads\/2022\/01\/3-3-1024x707.jpg 1024w, https:\/\/oscarmcastro.com\/wp-content\/uploads\/2022\/01\/3-3.jpg 1080w\" sizes=\"100vw\" \/>\t\t\t\t\t\t\t\t\t\t\t\t\t\t\t<\/div>\n\t\t\t\t<\/div>\n\t\t\t\t<div class=\"elementor-element elementor-element-390dfb3 elementor-widget elementor-widget-image\" data-id=\"390dfb3\" data-element_type=\"widget\" data-e-type=\"widget\" data-widget_type=\"image.default\">\n\t\t\t\t<div class=\"elementor-widget-container\">\n\t\t\t\t\t\t\t\t\t\t\t\t\t\t\t<img loading=\"lazy\" decoding=\"async\" width=\"640\" height=\"448\" src=\"https:\/\/oscarmcastro.com\/wp-content\/uploads\/2022\/01\/4-2-768x537.jpg\" class=\"attachment-medium_large size-medium_large wp-image-949\" alt=\"\" srcset=\"https:\/\/oscarmcastro.com\/wp-content\/uploads\/2022\/01\/4-2-768x537.jpg 768w, https:\/\/oscarmcastro.com\/wp-content\/uploads\/2022\/01\/4-2-300x210.jpg 300w, https:\/\/oscarmcastro.com\/wp-content\/uploads\/2022\/01\/4-2-1024x716.jpg 1024w, https:\/\/oscarmcastro.com\/wp-content\/uploads\/2022\/01\/4-2.jpg 1080w\" sizes=\"100vw\" \/>\t\t\t\t\t\t\t\t\t\t\t\t\t\t\t<\/div>\n\t\t\t\t<\/div>\n\t\t\t\t<div class=\"elementor-element elementor-element-10cbac6 elementor-widget elementor-widget-image\" data-id=\"10cbac6\" data-element_type=\"widget\" data-e-type=\"widget\" data-widget_type=\"image.default\">\n\t\t\t\t<div class=\"elementor-widget-container\">\n\t\t\t\t\t\t\t\t\t\t\t\t\t\t\t<img loading=\"lazy\" decoding=\"async\" width=\"640\" height=\"452\" src=\"https:\/\/oscarmcastro.com\/wp-content\/uploads\/2022\/01\/5-2-768x542.jpg\" class=\"attachment-medium_large size-medium_large wp-image-950\" alt=\"\" srcset=\"https:\/\/oscarmcastro.com\/wp-content\/uploads\/2022\/01\/5-2-768x542.jpg 768w, https:\/\/oscarmcastro.com\/wp-content\/uploads\/2022\/01\/5-2-300x212.jpg 300w, https:\/\/oscarmcastro.com\/wp-content\/uploads\/2022\/01\/5-2-1024x722.jpg 1024w, https:\/\/oscarmcastro.com\/wp-content\/uploads\/2022\/01\/5-2.jpg 1080w\" sizes=\"100vw\" \/>\t\t\t\t\t\t\t\t\t\t\t\t\t\t\t<\/div>\n\t\t\t\t<\/div>\n\t\t\t\t<div class=\"elementor-element elementor-element-e221fbd elementor-widget elementor-widget-image\" data-id=\"e221fbd\" data-element_type=\"widget\" data-e-type=\"widget\" data-widget_type=\"image.default\">\n\t\t\t\t<div class=\"elementor-widget-container\">\n\t\t\t\t\t\t\t\t\t\t\t\t\t\t\t<img loading=\"lazy\" decoding=\"async\" width=\"640\" height=\"448\" src=\"https:\/\/oscarmcastro.com\/wp-content\/uploads\/2022\/01\/6-2-768x537.jpg\" class=\"attachment-medium_large size-medium_large wp-image-951\" alt=\"\" srcset=\"https:\/\/oscarmcastro.com\/wp-content\/uploads\/2022\/01\/6-2-768x537.jpg 768w, https:\/\/oscarmcastro.com\/wp-content\/uploads\/2022\/01\/6-2-300x210.jpg 300w, https:\/\/oscarmcastro.com\/wp-content\/uploads\/2022\/01\/6-2-1024x716.jpg 1024w, https:\/\/oscarmcastro.com\/wp-content\/uploads\/2022\/01\/6-2.jpg 1080w\" sizes=\"100vw\" \/>\t\t\t\t\t\t\t\t\t\t\t\t\t\t\t<\/div>\n\t\t\t\t<\/div>\n\t\t\t\t<div class=\"elementor-element elementor-element-8378dae elementor-widget elementor-widget-spacer\" data-id=\"8378dae\" data-element_type=\"widget\" data-e-type=\"widget\" data-widget_type=\"spacer.default\">\n\t\t\t\t<div class=\"elementor-widget-container\">\n\t\t\t\t\t\t\t<div class=\"elementor-spacer\">\n\t\t\t<div class=\"elementor-spacer-inner\"><\/div>\n\t\t<\/div>\n\t\t\t\t\t\t<\/div>\n\t\t\t\t<\/div>\n\t\t\t\t<div class=\"elementor-element elementor-element-a71a278 elementor-align-center elementor-widget elementor-widget-button\" data-id=\"a71a278\" data-element_type=\"widget\" data-e-type=\"widget\" data-widget_type=\"button.default\">\n\t\t\t\t<div class=\"elementor-widget-container\">\n\t\t\t\t\t\t\t\t\t<div class=\"elementor-button-wrapper\">\n\t\t\t\t\t<a class=\"elementor-button elementor-button-link elementor-size-sm\" href=\"https:\/\/oscarmcastro.com\/index.php\/portafolio\/\">\n\t\t\t\t\t\t<span class=\"elementor-button-content-wrapper\">\n\t\t\t\t\t\t\t\t\t<span class=\"elementor-button-text\">Atr\u00e1s \/ Back<\/span>\n\t\t\t\t\t<\/span>\n\t\t\t\t\t<\/a>\n\t\t\t\t<\/div>\n\t\t\t\t\t\t\t\t<\/div>\n\t\t\t\t<\/div>\n\t\t\t\t<div class=\"elementor-element elementor-element-b3f8e83 elementor-widget elementor-widget-spacer\" data-id=\"b3f8e83\" data-element_type=\"widget\" data-e-type=\"widget\" data-widget_type=\"spacer.default\">\n\t\t\t\t<div class=\"elementor-widget-container\">\n\t\t\t\t\t\t\t<div class=\"elementor-spacer\">\n\t\t\t<div class=\"elementor-spacer-inner\"><\/div>\n\t\t<\/div>\n\t\t\t\t\t\t<\/div>\n\t\t\t\t<\/div>\n\t\t\t\t<div class=\"elementor-element elementor-element-96beae8 elementor-shape-rounded elementor-grid-0 e-grid-align-center elementor-widget elementor-widget-social-icons\" data-id=\"96beae8\" data-element_type=\"widget\" data-e-type=\"widget\" data-widget_type=\"social-icons.default\">\n\t\t\t\t<div class=\"elementor-widget-container\">\n\t\t\t\t\t\t\t<div class=\"elementor-social-icons-wrapper elementor-grid\" role=\"list\">\n\t\t\t\t\t\t\t<span class=\"elementor-grid-item\" role=\"listitem\">\n\t\t\t\t\t<a class=\"elementor-icon elementor-social-icon elementor-social-icon-instagram elementor-repeater-item-bdce3f1\" href=\"https:\/\/www.instagram.com\/oscar182di\/?hl=es-la\" target=\"_blank\">\n\t\t\t\t\t\t<span class=\"elementor-screen-only\">Instagram<\/span>\n\t\t\t\t\t\t<i aria-hidden=\"true\" class=\"fab fa-instagram\"><\/i>\t\t\t\t\t<\/a>\n\t\t\t\t<\/span>\n\t\t\t\t\t\t\t<span class=\"elementor-grid-item\" role=\"listitem\">\n\t\t\t\t\t<a class=\"elementor-icon elementor-social-icon elementor-social-icon-linkedin elementor-repeater-item-b26c420\" href=\"https:\/\/www.linkedin.com\/in\/oscar-mauricio-castro-parra-212134123\/\" target=\"_blank\">\n\t\t\t\t\t\t<span class=\"elementor-screen-only\">Linkedin<\/span>\n\t\t\t\t\t\t<i aria-hidden=\"true\" class=\"fab fa-linkedin\"><\/i>\t\t\t\t\t<\/a>\n\t\t\t\t<\/span>\n\t\t\t\t\t\t\t<span class=\"elementor-grid-item\" role=\"listitem\">\n\t\t\t\t\t<a class=\"elementor-icon elementor-social-icon elementor-social-icon-behance elementor-repeater-item-0ec2ee0\" href=\"https:\/\/www.behance.net\/oscar182di13fc\" target=\"_blank\">\n\t\t\t\t\t\t<span class=\"elementor-screen-only\">Behance<\/span>\n\t\t\t\t\t\t<i aria-hidden=\"true\" class=\"fab fa-behance\"><\/i>\t\t\t\t\t<\/a>\n\t\t\t\t<\/span>\n\t\t\t\t\t<\/div>\n\t\t\t\t\t\t<\/div>\n\t\t\t\t<\/div>\n\t\t\t\t\t<\/div>\n\t\t<\/div>\n\t\t\t\t\t<\/div>\n\t\t<\/section>\n\t\t\t\t<\/div>\n\t\t","protected":false},"excerpt":{"rendered":"<p>arque infantil tem\u00e1tico oc\u00e9ano \/ Ocean-themed children&#8217;s playground Parque atracci\u00f3n para centros comerciales basado en el oc\u00e9ano \/ Attraction for mall inspired in the ocean. Elaborado en colaboracion con Publicom S.A.S. \/ In association with Publicom S.A.S. A\u00f1o de elaboraci\u00f3n \/ Year of production: 2019 Bucaramanga \u2013 Colombia Atr\u00e1s \/ Back Instagram Linkedin Behance<\/p>\n","protected":false},"author":1,"featured_media":0,"parent":0,"menu_order":0,"comment_status":"closed","ping_status":"closed","template":"","meta":{"om_disable_all_campaigns":false,"_monsterinsights_skip_tracking":false,"_monsterinsights_sitenote_active":false,"_monsterinsights_sitenote_note":"","_monsterinsights_sitenote_category":0,"footnotes":""},"class_list":["post-944","page","type-page","status-publish","hentry"],"aioseo_notices":[],"yoast_head":"<!-- This site is optimized with the Yoast SEO plugin v27.4 - https:\/\/yoast.com\/product\/yoast-seo-wordpress\/ -->\n<title>Parque infantil tem\u00e1tico oc\u00e9ano -<\/title>\n<meta name=\"robots\" content=\"index, follow, max-snippet:-1, max-image-preview:large, max-video-preview:-1\" \/>\n<link rel=\"canonical\" href=\"https:\/\/oscarmcastro.com\/index.php\/parque-infantil-tematico-oceano\/\" \/>\n<meta property=\"og:locale\" content=\"en_US\" \/>\n<meta property=\"og:type\" content=\"article\" \/>\n<meta property=\"og:title\" content=\"Parque infantil tem\u00e1tico oc\u00e9ano -\" \/>\n<meta property=\"og:description\" content=\"arque infantil tem\u00e1tico oc\u00e9ano \/ Ocean-themed children&#8217;s playground Parque atracci\u00f3n para centros comerciales basado en el oc\u00e9ano \/ Attraction for mall inspired in the ocean. Elaborado en colaboracion con Publicom S.A.S. \/ In association with Publicom S.A.S. A\u00f1o de elaboraci\u00f3n \/ Year of production: 2019 Bucaramanga \u2013 Colombia Atr\u00e1s \/ Back Instagram Linkedin Behance\" \/>\n<meta property=\"og:url\" content=\"https:\/\/oscarmcastro.com\/index.php\/parque-infantil-tematico-oceano\/\" \/>\n<meta property=\"article:modified_time\" content=\"2023-12-29T01:25:45+00:00\" \/>\n<meta property=\"og:image\" content=\"http:\/\/oscarmcastro.com\/wp-content\/uploads\/2022\/01\/1-4-768x535.jpg\" \/>\n<meta name=\"twitter:card\" content=\"summary_large_image\" \/>\n<meta name=\"twitter:label1\" content=\"Est. reading time\" \/>\n\t<meta name=\"twitter:data1\" content=\"2 minutes\" \/>\n<script type=\"application\/ld+json\" class=\"yoast-schema-graph\">{\"@context\":\"https:\\\/\\\/schema.org\",\"@graph\":[{\"@type\":\"WebPage\",\"@id\":\"https:\\\/\\\/oscarmcastro.com\\\/index.php\\\/parque-infantil-tematico-oceano\\\/\",\"url\":\"https:\\\/\\\/oscarmcastro.com\\\/index.php\\\/parque-infantil-tematico-oceano\\\/\",\"name\":\"Parque infantil tem\u00e1tico oc\u00e9ano -\",\"isPartOf\":{\"@id\":\"https:\\\/\\\/oscarmcastro.com\\\/#website\"},\"primaryImageOfPage\":{\"@id\":\"https:\\\/\\\/oscarmcastro.com\\\/index.php\\\/parque-infantil-tematico-oceano\\\/#primaryimage\"},\"image\":{\"@id\":\"https:\\\/\\\/oscarmcastro.com\\\/index.php\\\/parque-infantil-tematico-oceano\\\/#primaryimage\"},\"thumbnailUrl\":\"http:\\\/\\\/oscarmcastro.com\\\/wp-content\\\/uploads\\\/2022\\\/01\\\/1-4-768x535.jpg\",\"datePublished\":\"2022-01-09T20:28:09+00:00\",\"dateModified\":\"2023-12-29T01:25:45+00:00\",\"breadcrumb\":{\"@id\":\"https:\\\/\\\/oscarmcastro.com\\\/index.php\\\/parque-infantil-tematico-oceano\\\/#breadcrumb\"},\"inLanguage\":\"en-US\",\"potentialAction\":[{\"@type\":\"ReadAction\",\"target\":[\"https:\\\/\\\/oscarmcastro.com\\\/index.php\\\/parque-infantil-tematico-oceano\\\/\"]}]},{\"@type\":\"ImageObject\",\"inLanguage\":\"en-US\",\"@id\":\"https:\\\/\\\/oscarmcastro.com\\\/index.php\\\/parque-infantil-tematico-oceano\\\/#primaryimage\",\"url\":\"http:\\\/\\\/oscarmcastro.com\\\/wp-content\\\/uploads\\\/2022\\\/01\\\/1-4-768x535.jpg\",\"contentUrl\":\"http:\\\/\\\/oscarmcastro.com\\\/wp-content\\\/uploads\\\/2022\\\/01\\\/1-4-768x535.jpg\"},{\"@type\":\"BreadcrumbList\",\"@id\":\"https:\\\/\\\/oscarmcastro.com\\\/index.php\\\/parque-infantil-tematico-oceano\\\/#breadcrumb\",\"itemListElement\":[{\"@type\":\"ListItem\",\"position\":1,\"name\":\"Portada\",\"item\":\"https:\\\/\\\/oscarmcastro.com\\\/\"},{\"@type\":\"ListItem\",\"position\":2,\"name\":\"Parque infantil tem\u00e1tico oc\u00e9ano\"}]},{\"@type\":\"WebSite\",\"@id\":\"https:\\\/\\\/oscarmcastro.com\\\/#website\",\"url\":\"https:\\\/\\\/oscarmcastro.com\\\/\",\"name\":\"\",\"description\":\"\",\"potentialAction\":[{\"@type\":\"SearchAction\",\"target\":{\"@type\":\"EntryPoint\",\"urlTemplate\":\"https:\\\/\\\/oscarmcastro.com\\\/?s={search_term_string}\"},\"query-input\":{\"@type\":\"PropertyValueSpecification\",\"valueRequired\":true,\"valueName\":\"search_term_string\"}}],\"inLanguage\":\"en-US\"}]}<\/script>\n<!-- \/ Yoast SEO plugin. -->","yoast_head_json":{"title":"Parque infantil tem\u00e1tico oc\u00e9ano -","robots":{"index":"index","follow":"follow","max-snippet":"max-snippet:-1","max-image-preview":"max-image-preview:large","max-video-preview":"max-video-preview:-1"},"canonical":"https:\/\/oscarmcastro.com\/index.php\/parque-infantil-tematico-oceano\/","og_locale":"en_US","og_type":"article","og_title":"Parque infantil tem\u00e1tico oc\u00e9ano -","og_description":"arque infantil tem\u00e1tico oc\u00e9ano \/ Ocean-themed children&#8217;s playground Parque atracci\u00f3n para centros comerciales basado en el oc\u00e9ano \/ Attraction for mall inspired in the ocean. Elaborado en colaboracion con Publicom S.A.S. \/ In association with Publicom S.A.S. A\u00f1o de elaboraci\u00f3n \/ Year of production: 2019 Bucaramanga \u2013 Colombia Atr\u00e1s \/ Back Instagram Linkedin Behance","og_url":"https:\/\/oscarmcastro.com\/index.php\/parque-infantil-tematico-oceano\/","article_modified_time":"2023-12-29T01:25:45+00:00","og_image":[{"url":"http:\/\/oscarmcastro.com\/wp-content\/uploads\/2022\/01\/1-4-768x535.jpg","type":"","width":"","height":""}],"twitter_card":"summary_large_image","twitter_misc":{"Est. reading time":"2 minutes"},"schema":{"@context":"https:\/\/schema.org","@graph":[{"@type":"WebPage","@id":"https:\/\/oscarmcastro.com\/index.php\/parque-infantil-tematico-oceano\/","url":"https:\/\/oscarmcastro.com\/index.php\/parque-infantil-tematico-oceano\/","name":"Parque infantil tem\u00e1tico oc\u00e9ano -","isPartOf":{"@id":"https:\/\/oscarmcastro.com\/#website"},"primaryImageOfPage":{"@id":"https:\/\/oscarmcastro.com\/index.php\/parque-infantil-tematico-oceano\/#primaryimage"},"image":{"@id":"https:\/\/oscarmcastro.com\/index.php\/parque-infantil-tematico-oceano\/#primaryimage"},"thumbnailUrl":"http:\/\/oscarmcastro.com\/wp-content\/uploads\/2022\/01\/1-4-768x535.jpg","datePublished":"2022-01-09T20:28:09+00:00","dateModified":"2023-12-29T01:25:45+00:00","breadcrumb":{"@id":"https:\/\/oscarmcastro.com\/index.php\/parque-infantil-tematico-oceano\/#breadcrumb"},"inLanguage":"en-US","potentialAction":[{"@type":"ReadAction","target":["https:\/\/oscarmcastro.com\/index.php\/parque-infantil-tematico-oceano\/"]}]},{"@type":"ImageObject","inLanguage":"en-US","@id":"https:\/\/oscarmcastro.com\/index.php\/parque-infantil-tematico-oceano\/#primaryimage","url":"http:\/\/oscarmcastro.com\/wp-content\/uploads\/2022\/01\/1-4-768x535.jpg","contentUrl":"http:\/\/oscarmcastro.com\/wp-content\/uploads\/2022\/01\/1-4-768x535.jpg"},{"@type":"BreadcrumbList","@id":"https:\/\/oscarmcastro.com\/index.php\/parque-infantil-tematico-oceano\/#breadcrumb","itemListElement":[{"@type":"ListItem","position":1,"name":"Portada","item":"https:\/\/oscarmcastro.com\/"},{"@type":"ListItem","position":2,"name":"Parque infantil tem\u00e1tico oc\u00e9ano"}]},{"@type":"WebSite","@id":"https:\/\/oscarmcastro.com\/#website","url":"https:\/\/oscarmcastro.com\/","name":"","description":"","potentialAction":[{"@type":"SearchAction","target":{"@type":"EntryPoint","urlTemplate":"https:\/\/oscarmcastro.com\/?s={search_term_string}"},"query-input":{"@type":"PropertyValueSpecification","valueRequired":true,"valueName":"search_term_string"}}],"inLanguage":"en-US"}]}},"_links":{"self":[{"href":"https:\/\/oscarmcastro.com\/index.php\/wp-json\/wp\/v2\/pages\/944","targetHints":{"allow":["GET"]}}],"collection":[{"href":"https:\/\/oscarmcastro.com\/index.php\/wp-json\/wp\/v2\/pages"}],"about":[{"href":"https:\/\/oscarmcastro.com\/index.php\/wp-json\/wp\/v2\/types\/page"}],"author":[{"embeddable":true,"href":"https:\/\/oscarmcastro.com\/index.php\/wp-json\/wp\/v2\/users\/1"}],"replies":[{"embeddable":true,"href":"https:\/\/oscarmcastro.com\/index.php\/wp-json\/wp\/v2\/comments?post=944"}],"version-history":[{"count":13,"href":"https:\/\/oscarmcastro.com\/index.php\/wp-json\/wp\/v2\/pages\/944\/revisions"}],"predecessor-version":[{"id":2122,"href":"https:\/\/oscarmcastro.com\/index.php\/wp-json\/wp\/v2\/pages\/944\/revisions\/2122"}],"wp:attachment":[{"href":"https:\/\/oscarmcastro.com\/index.php\/wp-json\/wp\/v2\/media?parent=944"}],"curies":[{"name":"wp","href":"https:\/\/api.w.org\/{rel}","templated":true}]}}