{"id":872,"date":"2022-01-07T22:31:59","date_gmt":"2022-01-07T22:31:59","guid":{"rendered":"https:\/\/oscarmcastro.com\/?page_id=872"},"modified":"2023-12-29T01:43:08","modified_gmt":"2023-12-29T01:43:08","slug":"mueble-dadaista","status":"publish","type":"page","link":"https:\/\/oscarmcastro.com\/index.php\/mueble-dadaista\/","title":{"rendered":"Mueble dada\u00edsta"},"content":{"rendered":"\t\t<div data-elementor-type=\"wp-page\" data-elementor-id=\"872\" class=\"elementor elementor-872\">\n\t\t\t\t\t\t<section class=\"elementor-section elementor-top-section elementor-element elementor-element-0038ff7 elementor-section-boxed elementor-section-height-default elementor-section-height-default\" data-id=\"0038ff7\" data-element_type=\"section\" data-e-type=\"section\">\n\t\t\t\t\t\t<div class=\"elementor-container elementor-column-gap-default\">\n\t\t\t\t\t<div class=\"elementor-column elementor-col-100 elementor-top-column elementor-element elementor-element-30f0627\" data-id=\"30f0627\" data-element_type=\"column\" data-e-type=\"column\">\n\t\t\t<div class=\"elementor-widget-wrap elementor-element-populated\">\n\t\t\t\t\t\t<div class=\"elementor-element elementor-element-d3a005c elementor-widget elementor-widget-heading\" data-id=\"d3a005c\" data-element_type=\"widget\" data-e-type=\"widget\" data-widget_type=\"heading.default\">\n\t\t\t\t<div class=\"elementor-widget-container\">\n\t\t\t\t\t<h2 class=\"elementor-heading-title elementor-size-default\">Mueble estilo dada\u00edsta \/ Mueble estilo dada\u00edsta<br><\/h2>\t\t\t\t<\/div>\n\t\t\t\t<\/div>\n\t\t\t\t<div class=\"elementor-element elementor-element-35fee2e elementor-widget elementor-widget-text-editor\" data-id=\"35fee2e\" data-element_type=\"widget\" data-e-type=\"widget\" data-widget_type=\"text-editor.default\">\n\t\t\t\t<div class=\"elementor-widget-container\">\n\t\t\t\t\t\t\t\t\t<p style=\"text-align: center; background: white; vertical-align: baseline; margin: 0cm 0cm 12.0pt 0cm;\" align=\"center\"><span style=\"font-size: 10.5pt; font-family: 'Helvetica',sans-serif; color: #5a5a5a;\">Dise\u00f1o mobiliario estilo dada\u00edsta. Para la clase de maderas. Universidad industrial de Santander \/\u00a0<\/span><span style=\"text-align: left;\"><span style=\"color: #5a5a5a; font-family: Helvetica, sans-serif;\">Dada style furniture design. For the wood class. Industrial University of Santander.<\/span><\/span><\/p><p style=\"text-align: center; background: white; vertical-align: baseline; box-sizing: border-box; font-variant-ligatures: normal; font-variant-caps: normal; orphans: 2; widows: 2; -webkit-text-stroke-width: 0px; text-decoration-thickness: initial; text-decoration-style: initial; text-decoration-color: initial; word-spacing: 0px; margin: 0cm 0cm 12.0pt 0cm;\" align=\"center\"><span style=\"box-sizing: border-box;\"><span style=\"font-size: 10.5pt; font-family: 'Helvetica',sans-serif; color: #5a5a5a;\">A\u00f1o de elaboraci\u00f3n \/ Year of production: 2013<\/span><\/span><\/p><p style=\"text-align: center; background: white; vertical-align: baseline; box-sizing: border-box; font-variant-ligatures: normal; font-variant-caps: normal; orphans: 2; widows: 2; -webkit-text-stroke-width: 0px; text-decoration-thickness: initial; text-decoration-style: initial; text-decoration-color: initial; outline: 0px; word-spacing: 0px; margin: 0cm 0cm 12.0pt 0cm;\" align=\"center\"><span style=\"box-sizing: border-box;\"><span style=\"font-size: 10.5pt; font-family: 'Helvetica',sans-serif; color: #5a5a5a;\">Bucaramanga \u2013 Colombia<\/span><\/span><\/p>\t\t\t\t\t\t\t\t<\/div>\n\t\t\t\t<\/div>\n\t\t\t\t<div class=\"elementor-element elementor-element-7f28b9c elementor-widget elementor-widget-image\" data-id=\"7f28b9c\" data-element_type=\"widget\" data-e-type=\"widget\" data-widget_type=\"image.default\">\n\t\t\t\t<div class=\"elementor-widget-container\">\n\t\t\t\t\t\t\t\t\t\t\t\t\t\t\t<img fetchpriority=\"high\" decoding=\"async\" width=\"640\" height=\"327\" src=\"https:\/\/oscarmcastro.com\/wp-content\/uploads\/2022\/01\/untitled.119-768x392.jpg\" class=\"attachment-medium_large size-medium_large wp-image-877\" alt=\"\" srcset=\"https:\/\/oscarmcastro.com\/wp-content\/uploads\/2022\/01\/untitled.119-768x392.jpg 768w, https:\/\/oscarmcastro.com\/wp-content\/uploads\/2022\/01\/untitled.119-300x153.jpg 300w, https:\/\/oscarmcastro.com\/wp-content\/uploads\/2022\/01\/untitled.119-1024x522.jpg 1024w, https:\/\/oscarmcastro.com\/wp-content\/uploads\/2022\/01\/untitled.119-1536x783.jpg 1536w, https:\/\/oscarmcastro.com\/wp-content\/uploads\/2022\/01\/untitled.119.jpg 1920w\" sizes=\"100vw\" \/>\t\t\t\t\t\t\t\t\t\t\t\t\t\t\t<\/div>\n\t\t\t\t<\/div>\n\t\t\t\t<div class=\"elementor-element elementor-element-0fb8b89 elementor-widget elementor-widget-image\" data-id=\"0fb8b89\" data-element_type=\"widget\" data-e-type=\"widget\" data-widget_type=\"image.default\">\n\t\t\t\t<div class=\"elementor-widget-container\">\n\t\t\t\t\t\t\t\t\t\t\t\t\t\t\t<img decoding=\"async\" width=\"640\" height=\"327\" src=\"https:\/\/oscarmcastro.com\/wp-content\/uploads\/2022\/01\/untitled.118-768x392.jpg\" class=\"attachment-medium_large size-medium_large wp-image-876\" alt=\"\" srcset=\"https:\/\/oscarmcastro.com\/wp-content\/uploads\/2022\/01\/untitled.118-768x392.jpg 768w, https:\/\/oscarmcastro.com\/wp-content\/uploads\/2022\/01\/untitled.118-300x153.jpg 300w, https:\/\/oscarmcastro.com\/wp-content\/uploads\/2022\/01\/untitled.118-1024x522.jpg 1024w, https:\/\/oscarmcastro.com\/wp-content\/uploads\/2022\/01\/untitled.118-1536x783.jpg 1536w, https:\/\/oscarmcastro.com\/wp-content\/uploads\/2022\/01\/untitled.118.jpg 1920w\" sizes=\"100vw\" \/>\t\t\t\t\t\t\t\t\t\t\t\t\t\t\t<\/div>\n\t\t\t\t<\/div>\n\t\t\t\t<div class=\"elementor-element elementor-element-dc4e687 elementor-widget elementor-widget-image\" data-id=\"dc4e687\" data-element_type=\"widget\" data-e-type=\"widget\" data-widget_type=\"image.default\">\n\t\t\t\t<div class=\"elementor-widget-container\">\n\t\t\t\t\t\t\t\t\t\t\t\t\t\t\t<img decoding=\"async\" width=\"640\" height=\"327\" src=\"https:\/\/oscarmcastro.com\/wp-content\/uploads\/2022\/01\/untitled.117-768x392.jpg\" class=\"attachment-medium_large size-medium_large wp-image-875\" alt=\"\" srcset=\"https:\/\/oscarmcastro.com\/wp-content\/uploads\/2022\/01\/untitled.117-768x392.jpg 768w, https:\/\/oscarmcastro.com\/wp-content\/uploads\/2022\/01\/untitled.117-300x153.jpg 300w, https:\/\/oscarmcastro.com\/wp-content\/uploads\/2022\/01\/untitled.117-1024x522.jpg 1024w, https:\/\/oscarmcastro.com\/wp-content\/uploads\/2022\/01\/untitled.117-1536x783.jpg 1536w, https:\/\/oscarmcastro.com\/wp-content\/uploads\/2022\/01\/untitled.117.jpg 1920w\" sizes=\"100vw\" \/>\t\t\t\t\t\t\t\t\t\t\t\t\t\t\t<\/div>\n\t\t\t\t<\/div>\n\t\t\t\t<div class=\"elementor-element elementor-element-db1bc4b elementor-widget elementor-widget-image\" data-id=\"db1bc4b\" data-element_type=\"widget\" data-e-type=\"widget\" data-widget_type=\"image.default\">\n\t\t\t\t<div class=\"elementor-widget-container\">\n\t\t\t\t\t\t\t\t\t\t\t\t\t\t\t<img loading=\"lazy\" decoding=\"async\" width=\"640\" height=\"327\" src=\"https:\/\/oscarmcastro.com\/wp-content\/uploads\/2022\/01\/untitled.116-768x392.jpg\" class=\"attachment-medium_large size-medium_large wp-image-874\" alt=\"\" srcset=\"https:\/\/oscarmcastro.com\/wp-content\/uploads\/2022\/01\/untitled.116-768x392.jpg 768w, https:\/\/oscarmcastro.com\/wp-content\/uploads\/2022\/01\/untitled.116-300x153.jpg 300w, https:\/\/oscarmcastro.com\/wp-content\/uploads\/2022\/01\/untitled.116-1024x522.jpg 1024w, https:\/\/oscarmcastro.com\/wp-content\/uploads\/2022\/01\/untitled.116-1536x783.jpg 1536w, https:\/\/oscarmcastro.com\/wp-content\/uploads\/2022\/01\/untitled.116.jpg 1920w\" sizes=\"100vw\" \/>\t\t\t\t\t\t\t\t\t\t\t\t\t\t\t<\/div>\n\t\t\t\t<\/div>\n\t\t\t\t<div class=\"elementor-element elementor-element-5173b5c elementor-widget elementor-widget-spacer\" data-id=\"5173b5c\" data-element_type=\"widget\" data-e-type=\"widget\" data-widget_type=\"spacer.default\">\n\t\t\t\t<div class=\"elementor-widget-container\">\n\t\t\t\t\t\t\t<div class=\"elementor-spacer\">\n\t\t\t<div class=\"elementor-spacer-inner\"><\/div>\n\t\t<\/div>\n\t\t\t\t\t\t<\/div>\n\t\t\t\t<\/div>\n\t\t\t\t<div class=\"elementor-element elementor-element-7b4e534 elementor-align-center elementor-widget elementor-widget-button\" data-id=\"7b4e534\" data-element_type=\"widget\" data-e-type=\"widget\" data-widget_type=\"button.default\">\n\t\t\t\t<div class=\"elementor-widget-container\">\n\t\t\t\t\t\t\t\t\t<div class=\"elementor-button-wrapper\">\n\t\t\t\t\t<a class=\"elementor-button elementor-button-link elementor-size-sm\" href=\"https:\/\/oscarmcastro.com\/index.php\/portafolio\/\">\n\t\t\t\t\t\t<span class=\"elementor-button-content-wrapper\">\n\t\t\t\t\t\t\t\t\t<span class=\"elementor-button-text\">Atr\u00e1s \/ Back<\/span>\n\t\t\t\t\t<\/span>\n\t\t\t\t\t<\/a>\n\t\t\t\t<\/div>\n\t\t\t\t\t\t\t\t<\/div>\n\t\t\t\t<\/div>\n\t\t\t\t<div class=\"elementor-element elementor-element-3a6e660 elementor-widget elementor-widget-spacer\" data-id=\"3a6e660\" data-element_type=\"widget\" data-e-type=\"widget\" data-widget_type=\"spacer.default\">\n\t\t\t\t<div class=\"elementor-widget-container\">\n\t\t\t\t\t\t\t<div class=\"elementor-spacer\">\n\t\t\t<div class=\"elementor-spacer-inner\"><\/div>\n\t\t<\/div>\n\t\t\t\t\t\t<\/div>\n\t\t\t\t<\/div>\n\t\t\t\t<div class=\"elementor-element elementor-element-e101d5b elementor-shape-rounded elementor-grid-0 e-grid-align-center elementor-widget elementor-widget-social-icons\" data-id=\"e101d5b\" data-element_type=\"widget\" data-e-type=\"widget\" data-widget_type=\"social-icons.default\">\n\t\t\t\t<div class=\"elementor-widget-container\">\n\t\t\t\t\t\t\t<div class=\"elementor-social-icons-wrapper elementor-grid\" role=\"list\">\n\t\t\t\t\t\t\t<span class=\"elementor-grid-item\" role=\"listitem\">\n\t\t\t\t\t<a class=\"elementor-icon elementor-social-icon elementor-social-icon-instagram elementor-repeater-item-6ae6253\" href=\"https:\/\/www.instagram.com\/oscar182di\/?hl=es-la\" target=\"_blank\">\n\t\t\t\t\t\t<span class=\"elementor-screen-only\">Instagram<\/span>\n\t\t\t\t\t\t<i aria-hidden=\"true\" class=\"fab fa-instagram\"><\/i>\t\t\t\t\t<\/a>\n\t\t\t\t<\/span>\n\t\t\t\t\t\t\t<span class=\"elementor-grid-item\" role=\"listitem\">\n\t\t\t\t\t<a class=\"elementor-icon elementor-social-icon elementor-social-icon-linkedin elementor-repeater-item-324ed57\" href=\"https:\/\/www.linkedin.com\/in\/oscar-mauricio-castro-parra-212134123\/\" target=\"_blank\">\n\t\t\t\t\t\t<span class=\"elementor-screen-only\">Linkedin<\/span>\n\t\t\t\t\t\t<i aria-hidden=\"true\" class=\"fab fa-linkedin\"><\/i>\t\t\t\t\t<\/a>\n\t\t\t\t<\/span>\n\t\t\t\t\t\t\t<span class=\"elementor-grid-item\" role=\"listitem\">\n\t\t\t\t\t<a class=\"elementor-icon elementor-social-icon elementor-social-icon-behance elementor-repeater-item-bb47c9c\" href=\"https:\/\/www.behance.net\/oscar182di13fc\" target=\"_blank\">\n\t\t\t\t\t\t<span class=\"elementor-screen-only\">Behance<\/span>\n\t\t\t\t\t\t<i aria-hidden=\"true\" class=\"fab fa-behance\"><\/i>\t\t\t\t\t<\/a>\n\t\t\t\t<\/span>\n\t\t\t\t\t<\/div>\n\t\t\t\t\t\t<\/div>\n\t\t\t\t<\/div>\n\t\t\t\t\t<\/div>\n\t\t<\/div>\n\t\t\t\t\t<\/div>\n\t\t<\/section>\n\t\t\t\t<\/div>\n\t\t","protected":false},"excerpt":{"rendered":"<p>Mueble estilo dada\u00edsta \/ Mueble estilo dada\u00edsta Dise\u00f1o mobiliario estilo dada\u00edsta. Para la clase de maderas. Universidad industrial de Santander \/\u00a0Dada style furniture design. For the wood class. Industrial University of Santander. A\u00f1o de elaboraci\u00f3n \/ Year of production: 2013 Bucaramanga \u2013 Colombia Atr\u00e1s \/ Back Instagram Linkedin Behance<\/p>\n","protected":false},"author":1,"featured_media":0,"parent":0,"menu_order":0,"comment_status":"closed","ping_status":"closed","template":"","meta":{"om_disable_all_campaigns":false,"_monsterinsights_skip_tracking":false,"_monsterinsights_sitenote_active":false,"_monsterinsights_sitenote_note":"","_monsterinsights_sitenote_category":0,"footnotes":""},"class_list":["post-872","page","type-page","status-publish","hentry"],"aioseo_notices":[],"yoast_head":"<!-- This site is optimized with the Yoast SEO plugin v27.4 - https:\/\/yoast.com\/product\/yoast-seo-wordpress\/ -->\n<title>Mueble dada\u00edsta -<\/title>\n<meta name=\"robots\" content=\"index, follow, max-snippet:-1, max-image-preview:large, max-video-preview:-1\" \/>\n<link rel=\"canonical\" href=\"https:\/\/oscarmcastro.com\/index.php\/mueble-dadaista\/\" \/>\n<meta property=\"og:locale\" content=\"en_US\" \/>\n<meta property=\"og:type\" content=\"article\" \/>\n<meta property=\"og:title\" content=\"Mueble dada\u00edsta -\" \/>\n<meta property=\"og:description\" content=\"Mueble estilo dada\u00edsta \/ Mueble estilo dada\u00edsta Dise\u00f1o mobiliario estilo dada\u00edsta. Para la clase de maderas. Universidad industrial de Santander \/\u00a0Dada style furniture design. For the wood class. Industrial University of Santander. A\u00f1o de elaboraci\u00f3n \/ Year of production: 2013 Bucaramanga \u2013 Colombia Atr\u00e1s \/ Back Instagram Linkedin Behance\" \/>\n<meta property=\"og:url\" content=\"https:\/\/oscarmcastro.com\/index.php\/mueble-dadaista\/\" \/>\n<meta property=\"article:modified_time\" content=\"2023-12-29T01:43:08+00:00\" \/>\n<meta property=\"og:image\" content=\"http:\/\/oscarmcastro.com\/wp-content\/uploads\/2022\/01\/untitled.119-768x392.jpg\" \/>\n<meta name=\"twitter:card\" content=\"summary_large_image\" \/>\n<meta name=\"twitter:label1\" content=\"Est. reading time\" \/>\n\t<meta name=\"twitter:data1\" content=\"1 minute\" \/>\n<script type=\"application\/ld+json\" class=\"yoast-schema-graph\">{\"@context\":\"https:\\\/\\\/schema.org\",\"@graph\":[{\"@type\":\"WebPage\",\"@id\":\"https:\\\/\\\/oscarmcastro.com\\\/index.php\\\/mueble-dadaista\\\/\",\"url\":\"https:\\\/\\\/oscarmcastro.com\\\/index.php\\\/mueble-dadaista\\\/\",\"name\":\"Mueble dada\u00edsta -\",\"isPartOf\":{\"@id\":\"https:\\\/\\\/oscarmcastro.com\\\/#website\"},\"primaryImageOfPage\":{\"@id\":\"https:\\\/\\\/oscarmcastro.com\\\/index.php\\\/mueble-dadaista\\\/#primaryimage\"},\"image\":{\"@id\":\"https:\\\/\\\/oscarmcastro.com\\\/index.php\\\/mueble-dadaista\\\/#primaryimage\"},\"thumbnailUrl\":\"http:\\\/\\\/oscarmcastro.com\\\/wp-content\\\/uploads\\\/2022\\\/01\\\/untitled.119-768x392.jpg\",\"datePublished\":\"2022-01-07T22:31:59+00:00\",\"dateModified\":\"2023-12-29T01:43:08+00:00\",\"breadcrumb\":{\"@id\":\"https:\\\/\\\/oscarmcastro.com\\\/index.php\\\/mueble-dadaista\\\/#breadcrumb\"},\"inLanguage\":\"en-US\",\"potentialAction\":[{\"@type\":\"ReadAction\",\"target\":[\"https:\\\/\\\/oscarmcastro.com\\\/index.php\\\/mueble-dadaista\\\/\"]}]},{\"@type\":\"ImageObject\",\"inLanguage\":\"en-US\",\"@id\":\"https:\\\/\\\/oscarmcastro.com\\\/index.php\\\/mueble-dadaista\\\/#primaryimage\",\"url\":\"http:\\\/\\\/oscarmcastro.com\\\/wp-content\\\/uploads\\\/2022\\\/01\\\/untitled.119-768x392.jpg\",\"contentUrl\":\"http:\\\/\\\/oscarmcastro.com\\\/wp-content\\\/uploads\\\/2022\\\/01\\\/untitled.119-768x392.jpg\"},{\"@type\":\"BreadcrumbList\",\"@id\":\"https:\\\/\\\/oscarmcastro.com\\\/index.php\\\/mueble-dadaista\\\/#breadcrumb\",\"itemListElement\":[{\"@type\":\"ListItem\",\"position\":1,\"name\":\"Portada\",\"item\":\"https:\\\/\\\/oscarmcastro.com\\\/\"},{\"@type\":\"ListItem\",\"position\":2,\"name\":\"Mueble dada\u00edsta\"}]},{\"@type\":\"WebSite\",\"@id\":\"https:\\\/\\\/oscarmcastro.com\\\/#website\",\"url\":\"https:\\\/\\\/oscarmcastro.com\\\/\",\"name\":\"\",\"description\":\"\",\"potentialAction\":[{\"@type\":\"SearchAction\",\"target\":{\"@type\":\"EntryPoint\",\"urlTemplate\":\"https:\\\/\\\/oscarmcastro.com\\\/?s={search_term_string}\"},\"query-input\":{\"@type\":\"PropertyValueSpecification\",\"valueRequired\":true,\"valueName\":\"search_term_string\"}}],\"inLanguage\":\"en-US\"}]}<\/script>\n<!-- \/ Yoast SEO plugin. -->","yoast_head_json":{"title":"Mueble dada\u00edsta -","robots":{"index":"index","follow":"follow","max-snippet":"max-snippet:-1","max-image-preview":"max-image-preview:large","max-video-preview":"max-video-preview:-1"},"canonical":"https:\/\/oscarmcastro.com\/index.php\/mueble-dadaista\/","og_locale":"en_US","og_type":"article","og_title":"Mueble dada\u00edsta -","og_description":"Mueble estilo dada\u00edsta \/ Mueble estilo dada\u00edsta Dise\u00f1o mobiliario estilo dada\u00edsta. Para la clase de maderas. Universidad industrial de Santander \/\u00a0Dada style furniture design. For the wood class. Industrial University of Santander. A\u00f1o de elaboraci\u00f3n \/ Year of production: 2013 Bucaramanga \u2013 Colombia Atr\u00e1s \/ Back Instagram Linkedin Behance","og_url":"https:\/\/oscarmcastro.com\/index.php\/mueble-dadaista\/","article_modified_time":"2023-12-29T01:43:08+00:00","og_image":[{"url":"http:\/\/oscarmcastro.com\/wp-content\/uploads\/2022\/01\/untitled.119-768x392.jpg","type":"","width":"","height":""}],"twitter_card":"summary_large_image","twitter_misc":{"Est. reading time":"1 minute"},"schema":{"@context":"https:\/\/schema.org","@graph":[{"@type":"WebPage","@id":"https:\/\/oscarmcastro.com\/index.php\/mueble-dadaista\/","url":"https:\/\/oscarmcastro.com\/index.php\/mueble-dadaista\/","name":"Mueble dada\u00edsta -","isPartOf":{"@id":"https:\/\/oscarmcastro.com\/#website"},"primaryImageOfPage":{"@id":"https:\/\/oscarmcastro.com\/index.php\/mueble-dadaista\/#primaryimage"},"image":{"@id":"https:\/\/oscarmcastro.com\/index.php\/mueble-dadaista\/#primaryimage"},"thumbnailUrl":"http:\/\/oscarmcastro.com\/wp-content\/uploads\/2022\/01\/untitled.119-768x392.jpg","datePublished":"2022-01-07T22:31:59+00:00","dateModified":"2023-12-29T01:43:08+00:00","breadcrumb":{"@id":"https:\/\/oscarmcastro.com\/index.php\/mueble-dadaista\/#breadcrumb"},"inLanguage":"en-US","potentialAction":[{"@type":"ReadAction","target":["https:\/\/oscarmcastro.com\/index.php\/mueble-dadaista\/"]}]},{"@type":"ImageObject","inLanguage":"en-US","@id":"https:\/\/oscarmcastro.com\/index.php\/mueble-dadaista\/#primaryimage","url":"http:\/\/oscarmcastro.com\/wp-content\/uploads\/2022\/01\/untitled.119-768x392.jpg","contentUrl":"http:\/\/oscarmcastro.com\/wp-content\/uploads\/2022\/01\/untitled.119-768x392.jpg"},{"@type":"BreadcrumbList","@id":"https:\/\/oscarmcastro.com\/index.php\/mueble-dadaista\/#breadcrumb","itemListElement":[{"@type":"ListItem","position":1,"name":"Portada","item":"https:\/\/oscarmcastro.com\/"},{"@type":"ListItem","position":2,"name":"Mueble dada\u00edsta"}]},{"@type":"WebSite","@id":"https:\/\/oscarmcastro.com\/#website","url":"https:\/\/oscarmcastro.com\/","name":"","description":"","potentialAction":[{"@type":"SearchAction","target":{"@type":"EntryPoint","urlTemplate":"https:\/\/oscarmcastro.com\/?s={search_term_string}"},"query-input":{"@type":"PropertyValueSpecification","valueRequired":true,"valueName":"search_term_string"}}],"inLanguage":"en-US"}]}},"_links":{"self":[{"href":"https:\/\/oscarmcastro.com\/index.php\/wp-json\/wp\/v2\/pages\/872","targetHints":{"allow":["GET"]}}],"collection":[{"href":"https:\/\/oscarmcastro.com\/index.php\/wp-json\/wp\/v2\/pages"}],"about":[{"href":"https:\/\/oscarmcastro.com\/index.php\/wp-json\/wp\/v2\/types\/page"}],"author":[{"embeddable":true,"href":"https:\/\/oscarmcastro.com\/index.php\/wp-json\/wp\/v2\/users\/1"}],"replies":[{"embeddable":true,"href":"https:\/\/oscarmcastro.com\/index.php\/wp-json\/wp\/v2\/comments?post=872"}],"version-history":[{"count":13,"href":"https:\/\/oscarmcastro.com\/index.php\/wp-json\/wp\/v2\/pages\/872\/revisions"}],"predecessor-version":[{"id":2137,"href":"https:\/\/oscarmcastro.com\/index.php\/wp-json\/wp\/v2\/pages\/872\/revisions\/2137"}],"wp:attachment":[{"href":"https:\/\/oscarmcastro.com\/index.php\/wp-json\/wp\/v2\/media?parent=872"}],"curies":[{"name":"wp","href":"https:\/\/api.w.org\/{rel}","templated":true}]}}