{"id":846,"date":"2022-01-07T21:47:43","date_gmt":"2022-01-07T21:47:43","guid":{"rendered":"https:\/\/oscarmcastro.com\/?page_id=846"},"modified":"2023-12-29T01:36:42","modified_gmt":"2023-12-29T01:36:42","slug":"grua-bipedestacion","status":"publish","type":"page","link":"https:\/\/oscarmcastro.com\/index.php\/grua-bipedestacion\/","title":{"rendered":"Gr\u00faa Bipedestaci\u00f3n"},"content":{"rendered":"\t\t<div data-elementor-type=\"wp-page\" data-elementor-id=\"846\" class=\"elementor elementor-846\">\n\t\t\t\t\t\t<section class=\"elementor-section elementor-top-section elementor-element elementor-element-38d8a42 elementor-section-boxed elementor-section-height-default elementor-section-height-default\" data-id=\"38d8a42\" data-element_type=\"section\" data-e-type=\"section\">\n\t\t\t\t\t\t<div class=\"elementor-container elementor-column-gap-default\">\n\t\t\t\t\t<div class=\"elementor-column elementor-col-100 elementor-top-column elementor-element elementor-element-f6cd714\" data-id=\"f6cd714\" data-element_type=\"column\" data-e-type=\"column\">\n\t\t\t<div class=\"elementor-widget-wrap elementor-element-populated\">\n\t\t\t\t\t\t<div class=\"elementor-element elementor-element-47d9d51 elementor-widget elementor-widget-heading\" data-id=\"47d9d51\" data-element_type=\"widget\" data-e-type=\"widget\" data-widget_type=\"heading.default\">\n\t\t\t\t<div class=\"elementor-widget-container\">\n\t\t\t\t\t<h2 class=\"elementor-heading-title elementor-size-default\">Gr\u00faa bipedestaci\u00f3n \/ Standing crane<\/h2>\t\t\t\t<\/div>\n\t\t\t\t<\/div>\n\t\t\t\t<div class=\"elementor-element elementor-element-a5092e9 elementor-widget elementor-widget-text-editor\" data-id=\"a5092e9\" data-element_type=\"widget\" data-e-type=\"widget\" data-widget_type=\"text-editor.default\">\n\t\t\t\t<div class=\"elementor-widget-container\">\n\t\t\t\t\t\t\t\t\t<p style=\"text-align: center; background: white; vertical-align: baseline; margin: 0cm 0cm 12.0pt 0cm;\" align=\"center\"><span style=\"font-size: 10.5pt; font-family: 'Helvetica',sans-serif; color: #5a5a5a;\">Gr\u00faa bipedestaci\u00f3n aplicada al entorno dom\u00e9stico. Ideada para el cambio de posici\u00f3n de pacinetes en posici\u00f3n sedente a posici\u00f3n dec\u00fabito dorsal extendido. Proyecto de grado universitario \/\u00a0<\/span><span style=\"text-align: left;\"><span style=\"color: #5a5a5a; font-family: Helvetica, sans-serif;\">Standing crane applied to the domestic environment. Designed to change the position of patients from a sitting position to an extended dorsal recumbent position. University degree project<\/span><\/span><\/p><p style=\"text-align: center; background: white; vertical-align: baseline; box-sizing: border-box; font-variant-ligatures: normal; font-variant-caps: normal; orphans: 2; widows: 2; -webkit-text-stroke-width: 0px; text-decoration-thickness: initial; text-decoration-style: initial; text-decoration-color: initial; word-spacing: 0px; margin: 0cm 0cm 12.0pt 0cm;\" align=\"center\"><span style=\"box-sizing: border-box;\"><span style=\"font-size: 10.5pt; font-family: 'Helvetica',sans-serif; color: #5a5a5a;\">A\u00f1o de elaboraci\u00f3n \/ Year of production: 2015<\/span><\/span><\/p><p style=\"text-align: center; background: white; vertical-align: baseline; box-sizing: border-box; font-variant-ligatures: normal; font-variant-caps: normal; orphans: 2; widows: 2; -webkit-text-stroke-width: 0px; text-decoration-thickness: initial; text-decoration-style: initial; text-decoration-color: initial; outline: 0px; word-spacing: 0px; margin: 0cm 0cm 12.0pt 0cm;\" align=\"center\"><span style=\"box-sizing: border-box;\"><span style=\"font-size: 10.5pt; font-family: 'Helvetica',sans-serif; color: #5a5a5a;\">Bucaramanga \u2013 Colombia<\/span><\/span><\/p>\t\t\t\t\t\t\t\t<\/div>\n\t\t\t\t<\/div>\n\t\t\t\t<div class=\"elementor-element elementor-element-62de00b elementor-widget elementor-widget-image\" data-id=\"62de00b\" data-element_type=\"widget\" data-e-type=\"widget\" data-widget_type=\"image.default\">\n\t\t\t\t<div class=\"elementor-widget-container\">\n\t\t\t\t\t\t\t\t\t\t\t\t\t\t\t<img fetchpriority=\"high\" decoding=\"async\" width=\"640\" height=\"295\" src=\"https:\/\/oscarmcastro.com\/wp-content\/uploads\/2022\/01\/333cff60577521.5a52792545a35.jpg\" class=\"attachment-large size-large wp-image-859\" alt=\"\" srcset=\"https:\/\/oscarmcastro.com\/wp-content\/uploads\/2022\/01\/333cff60577521.5a52792545a35.jpg 820w, https:\/\/oscarmcastro.com\/wp-content\/uploads\/2022\/01\/333cff60577521.5a52792545a35-300x138.jpg 300w, https:\/\/oscarmcastro.com\/wp-content\/uploads\/2022\/01\/333cff60577521.5a52792545a35-768x354.jpg 768w\" sizes=\"100vw\" \/>\t\t\t\t\t\t\t\t\t\t\t\t\t\t\t<\/div>\n\t\t\t\t<\/div>\n\t\t\t\t<div class=\"elementor-element elementor-element-de60c78 elementor-widget elementor-widget-image\" data-id=\"de60c78\" data-element_type=\"widget\" data-e-type=\"widget\" data-widget_type=\"image.default\">\n\t\t\t\t<div class=\"elementor-widget-container\">\n\t\t\t\t\t\t\t\t\t\t\t\t\t\t\t<img decoding=\"async\" width=\"640\" height=\"294\" src=\"https:\/\/oscarmcastro.com\/wp-content\/uploads\/2022\/01\/f9689060577521.5a52792547a2e-768x353.jpg\" class=\"attachment-medium_large size-medium_large wp-image-858\" alt=\"\" srcset=\"https:\/\/oscarmcastro.com\/wp-content\/uploads\/2022\/01\/f9689060577521.5a52792547a2e-768x353.jpg 768w, https:\/\/oscarmcastro.com\/wp-content\/uploads\/2022\/01\/f9689060577521.5a52792547a2e-300x138.jpg 300w, https:\/\/oscarmcastro.com\/wp-content\/uploads\/2022\/01\/f9689060577521.5a52792547a2e-1024x470.jpg 1024w, https:\/\/oscarmcastro.com\/wp-content\/uploads\/2022\/01\/f9689060577521.5a52792547a2e.jpg 1200w\" sizes=\"100vw\" \/>\t\t\t\t\t\t\t\t\t\t\t\t\t\t\t<\/div>\n\t\t\t\t<\/div>\n\t\t\t\t<div class=\"elementor-element elementor-element-665c462 elementor-widget elementor-widget-image\" data-id=\"665c462\" data-element_type=\"widget\" data-e-type=\"widget\" data-widget_type=\"image.default\">\n\t\t\t\t<div class=\"elementor-widget-container\">\n\t\t\t\t\t\t\t\t\t\t\t\t\t\t\t<img decoding=\"async\" width=\"640\" height=\"294\" src=\"https:\/\/oscarmcastro.com\/wp-content\/uploads\/2022\/01\/1d1b3f60577521.5a52792545535-768x353.jpg\" class=\"attachment-medium_large size-medium_large wp-image-857\" alt=\"\" srcset=\"https:\/\/oscarmcastro.com\/wp-content\/uploads\/2022\/01\/1d1b3f60577521.5a52792545535-768x353.jpg 768w, https:\/\/oscarmcastro.com\/wp-content\/uploads\/2022\/01\/1d1b3f60577521.5a52792545535-300x138.jpg 300w, https:\/\/oscarmcastro.com\/wp-content\/uploads\/2022\/01\/1d1b3f60577521.5a52792545535-1024x470.jpg 1024w, https:\/\/oscarmcastro.com\/wp-content\/uploads\/2022\/01\/1d1b3f60577521.5a52792545535.jpg 1200w\" sizes=\"100vw\" \/>\t\t\t\t\t\t\t\t\t\t\t\t\t\t\t<\/div>\n\t\t\t\t<\/div>\n\t\t\t\t<div class=\"elementor-element elementor-element-a9ed62a elementor-widget elementor-widget-spacer\" data-id=\"a9ed62a\" data-element_type=\"widget\" data-e-type=\"widget\" data-widget_type=\"spacer.default\">\n\t\t\t\t<div class=\"elementor-widget-container\">\n\t\t\t\t\t\t\t<div class=\"elementor-spacer\">\n\t\t\t<div class=\"elementor-spacer-inner\"><\/div>\n\t\t<\/div>\n\t\t\t\t\t\t<\/div>\n\t\t\t\t<\/div>\n\t\t\t\t<div class=\"elementor-element elementor-element-5f09199 elementor-widget elementor-widget-heading\" data-id=\"5f09199\" data-element_type=\"widget\" data-e-type=\"widget\" data-widget_type=\"heading.default\">\n\t\t\t\t<div class=\"elementor-widget-container\">\n\t\t\t\t\t<h2 class=\"elementor-heading-title elementor-size-default\">Diagrama de uso - User manual<\/h2>\t\t\t\t<\/div>\n\t\t\t\t<\/div>\n\t\t\t\t<div class=\"elementor-element elementor-element-2bcbb7e elementor-widget elementor-widget-image\" data-id=\"2bcbb7e\" data-element_type=\"widget\" data-e-type=\"widget\" data-widget_type=\"image.default\">\n\t\t\t\t<div class=\"elementor-widget-container\">\n\t\t\t\t\t\t\t\t\t\t\t\t\t\t\t<img loading=\"lazy\" decoding=\"async\" width=\"640\" height=\"953\" src=\"https:\/\/oscarmcastro.com\/wp-content\/uploads\/2022\/01\/3775e760577521.5a52792547095-768x1143.jpg\" class=\"attachment-medium_large size-medium_large wp-image-852\" alt=\"\" srcset=\"https:\/\/oscarmcastro.com\/wp-content\/uploads\/2022\/01\/3775e760577521.5a52792547095-768x1143.jpg 768w, https:\/\/oscarmcastro.com\/wp-content\/uploads\/2022\/01\/3775e760577521.5a52792547095-202x300.jpg 202w, https:\/\/oscarmcastro.com\/wp-content\/uploads\/2022\/01\/3775e760577521.5a52792547095-688x1024.jpg 688w, https:\/\/oscarmcastro.com\/wp-content\/uploads\/2022\/01\/3775e760577521.5a52792547095.jpg 807w\" sizes=\"100vw\" \/>\t\t\t\t\t\t\t\t\t\t\t\t\t\t\t<\/div>\n\t\t\t\t<\/div>\n\t\t\t\t<div class=\"elementor-element elementor-element-4660e79 elementor-widget elementor-widget-image\" data-id=\"4660e79\" data-element_type=\"widget\" data-e-type=\"widget\" data-widget_type=\"image.default\">\n\t\t\t\t<div class=\"elementor-widget-container\">\n\t\t\t\t\t\t\t\t\t\t\t\t\t\t\t<img loading=\"lazy\" decoding=\"async\" width=\"640\" height=\"1033\" src=\"https:\/\/oscarmcastro.com\/wp-content\/uploads\/2022\/01\/b1b0e860577521.5a5279254a1f5-768x1240.jpg\" class=\"attachment-medium_large size-medium_large wp-image-851\" alt=\"\" srcset=\"https:\/\/oscarmcastro.com\/wp-content\/uploads\/2022\/01\/b1b0e860577521.5a5279254a1f5-768x1240.jpg 768w, https:\/\/oscarmcastro.com\/wp-content\/uploads\/2022\/01\/b1b0e860577521.5a5279254a1f5-186x300.jpg 186w, https:\/\/oscarmcastro.com\/wp-content\/uploads\/2022\/01\/b1b0e860577521.5a5279254a1f5-634x1024.jpg 634w, https:\/\/oscarmcastro.com\/wp-content\/uploads\/2022\/01\/b1b0e860577521.5a5279254a1f5-952x1536.jpg 952w, https:\/\/oscarmcastro.com\/wp-content\/uploads\/2022\/01\/b1b0e860577521.5a5279254a1f5.jpg 1200w\" sizes=\"100vw\" \/>\t\t\t\t\t\t\t\t\t\t\t\t\t\t\t<\/div>\n\t\t\t\t<\/div>\n\t\t\t\t<div class=\"elementor-element elementor-element-e39c535 elementor-widget elementor-widget-spacer\" data-id=\"e39c535\" data-element_type=\"widget\" data-e-type=\"widget\" data-widget_type=\"spacer.default\">\n\t\t\t\t<div class=\"elementor-widget-container\">\n\t\t\t\t\t\t\t<div class=\"elementor-spacer\">\n\t\t\t<div class=\"elementor-spacer-inner\"><\/div>\n\t\t<\/div>\n\t\t\t\t\t\t<\/div>\n\t\t\t\t<\/div>\n\t\t\t\t<div class=\"elementor-element elementor-element-26b6a9d elementor-widget elementor-widget-heading\" data-id=\"26b6a9d\" data-element_type=\"widget\" data-e-type=\"widget\" data-widget_type=\"heading.default\">\n\t\t\t\t<div class=\"elementor-widget-container\">\n\t\t\t\t\t<h2 class=\"elementor-heading-title elementor-size-default\">Pruebas del dispositivo - User testing<\/h2>\t\t\t\t<\/div>\n\t\t\t\t<\/div>\n\t\t\t\t<div class=\"elementor-element elementor-element-3d34003 elementor-widget elementor-widget-image\" data-id=\"3d34003\" data-element_type=\"widget\" data-e-type=\"widget\" data-widget_type=\"image.default\">\n\t\t\t\t<div class=\"elementor-widget-container\">\n\t\t\t\t\t\t\t\t\t\t\t\t\t\t\t<img loading=\"lazy\" decoding=\"async\" width=\"640\" height=\"732\" src=\"https:\/\/oscarmcastro.com\/wp-content\/uploads\/2022\/01\/211b8060577521.5a52792547561-768x878.jpg\" class=\"attachment-medium_large size-medium_large wp-image-856\" alt=\"\" srcset=\"https:\/\/oscarmcastro.com\/wp-content\/uploads\/2022\/01\/211b8060577521.5a52792547561-768x878.jpg 768w, https:\/\/oscarmcastro.com\/wp-content\/uploads\/2022\/01\/211b8060577521.5a52792547561-262x300.jpg 262w, https:\/\/oscarmcastro.com\/wp-content\/uploads\/2022\/01\/211b8060577521.5a52792547561-896x1024.jpg 896w, https:\/\/oscarmcastro.com\/wp-content\/uploads\/2022\/01\/211b8060577521.5a52792547561.jpg 1200w\" sizes=\"100vw\" \/>\t\t\t\t\t\t\t\t\t\t\t\t\t\t\t<\/div>\n\t\t\t\t<\/div>\n\t\t\t\t<div class=\"elementor-element elementor-element-31897a8 elementor-widget elementor-widget-image\" data-id=\"31897a8\" data-element_type=\"widget\" data-e-type=\"widget\" data-widget_type=\"image.default\">\n\t\t\t\t<div class=\"elementor-widget-container\">\n\t\t\t\t\t\t\t\t\t\t\t\t\t\t\t<img loading=\"lazy\" decoding=\"async\" width=\"640\" height=\"732\" src=\"https:\/\/oscarmcastro.com\/wp-content\/uploads\/2022\/01\/211b8060577521.5a52792547561-768x878.jpg\" class=\"attachment-medium_large size-medium_large wp-image-856\" alt=\"\" srcset=\"https:\/\/oscarmcastro.com\/wp-content\/uploads\/2022\/01\/211b8060577521.5a52792547561-768x878.jpg 768w, https:\/\/oscarmcastro.com\/wp-content\/uploads\/2022\/01\/211b8060577521.5a52792547561-262x300.jpg 262w, https:\/\/oscarmcastro.com\/wp-content\/uploads\/2022\/01\/211b8060577521.5a52792547561-896x1024.jpg 896w, https:\/\/oscarmcastro.com\/wp-content\/uploads\/2022\/01\/211b8060577521.5a52792547561.jpg 1200w\" sizes=\"100vw\" \/>\t\t\t\t\t\t\t\t\t\t\t\t\t\t\t<\/div>\n\t\t\t\t<\/div>\n\t\t\t\t<div class=\"elementor-element elementor-element-09190a7 elementor-widget elementor-widget-spacer\" data-id=\"09190a7\" data-element_type=\"widget\" data-e-type=\"widget\" data-widget_type=\"spacer.default\">\n\t\t\t\t<div class=\"elementor-widget-container\">\n\t\t\t\t\t\t\t<div class=\"elementor-spacer\">\n\t\t\t<div class=\"elementor-spacer-inner\"><\/div>\n\t\t<\/div>\n\t\t\t\t\t\t<\/div>\n\t\t\t\t<\/div>\n\t\t\t\t<div class=\"elementor-element elementor-element-15ba9ef elementor-widget elementor-widget-heading\" data-id=\"15ba9ef\" data-element_type=\"widget\" data-e-type=\"widget\" data-widget_type=\"heading.default\">\n\t\t\t\t<div class=\"elementor-widget-container\">\n\t\t\t\t\t<h2 class=\"elementor-heading-title elementor-size-default\">Componentes - Components<\/h2>\t\t\t\t<\/div>\n\t\t\t\t<\/div>\n\t\t\t\t<div class=\"elementor-element elementor-element-b749c7e elementor-widget elementor-widget-image\" data-id=\"b749c7e\" data-element_type=\"widget\" data-e-type=\"widget\" data-widget_type=\"image.default\">\n\t\t\t\t<div class=\"elementor-widget-container\">\n\t\t\t\t\t\t\t\t\t\t\t\t\t\t\t<img loading=\"lazy\" decoding=\"async\" width=\"640\" height=\"286\" src=\"https:\/\/oscarmcastro.com\/wp-content\/uploads\/2022\/01\/34ea4560577521.5a52792546c48.jpg\" class=\"attachment-large size-large wp-image-854\" alt=\"\" srcset=\"https:\/\/oscarmcastro.com\/wp-content\/uploads\/2022\/01\/34ea4560577521.5a52792546c48.jpg 792w, https:\/\/oscarmcastro.com\/wp-content\/uploads\/2022\/01\/34ea4560577521.5a52792546c48-300x134.jpg 300w, https:\/\/oscarmcastro.com\/wp-content\/uploads\/2022\/01\/34ea4560577521.5a52792546c48-768x343.jpg 768w\" sizes=\"100vw\" \/>\t\t\t\t\t\t\t\t\t\t\t\t\t\t\t<\/div>\n\t\t\t\t<\/div>\n\t\t\t\t<div class=\"elementor-element elementor-element-05ad32b elementor-widget elementor-widget-spacer\" data-id=\"05ad32b\" data-element_type=\"widget\" data-e-type=\"widget\" data-widget_type=\"spacer.default\">\n\t\t\t\t<div class=\"elementor-widget-container\">\n\t\t\t\t\t\t\t<div class=\"elementor-spacer\">\n\t\t\t<div class=\"elementor-spacer-inner\"><\/div>\n\t\t<\/div>\n\t\t\t\t\t\t<\/div>\n\t\t\t\t<\/div>\n\t\t\t\t<div class=\"elementor-element elementor-element-562b5dc elementor-align-center elementor-widget elementor-widget-button\" data-id=\"562b5dc\" data-element_type=\"widget\" data-e-type=\"widget\" data-widget_type=\"button.default\">\n\t\t\t\t<div class=\"elementor-widget-container\">\n\t\t\t\t\t\t\t\t\t<div class=\"elementor-button-wrapper\">\n\t\t\t\t\t<a class=\"elementor-button elementor-button-link elementor-size-sm\" href=\"https:\/\/oscarmcastro.com\/index.php\/portafolio\/\">\n\t\t\t\t\t\t<span class=\"elementor-button-content-wrapper\">\n\t\t\t\t\t\t\t\t\t<span class=\"elementor-button-text\">Atr\u00e1s \/ Back<\/span>\n\t\t\t\t\t<\/span>\n\t\t\t\t\t<\/a>\n\t\t\t\t<\/div>\n\t\t\t\t\t\t\t\t<\/div>\n\t\t\t\t<\/div>\n\t\t\t\t<div class=\"elementor-element elementor-element-a7865fb elementor-widget elementor-widget-spacer\" data-id=\"a7865fb\" data-element_type=\"widget\" data-e-type=\"widget\" data-widget_type=\"spacer.default\">\n\t\t\t\t<div class=\"elementor-widget-container\">\n\t\t\t\t\t\t\t<div class=\"elementor-spacer\">\n\t\t\t<div class=\"elementor-spacer-inner\"><\/div>\n\t\t<\/div>\n\t\t\t\t\t\t<\/div>\n\t\t\t\t<\/div>\n\t\t\t\t<div class=\"elementor-element elementor-element-6062d73 elementor-shape-rounded elementor-grid-0 e-grid-align-center elementor-widget elementor-widget-social-icons\" data-id=\"6062d73\" data-element_type=\"widget\" data-e-type=\"widget\" data-widget_type=\"social-icons.default\">\n\t\t\t\t<div class=\"elementor-widget-container\">\n\t\t\t\t\t\t\t<div class=\"elementor-social-icons-wrapper elementor-grid\" role=\"list\">\n\t\t\t\t\t\t\t<span class=\"elementor-grid-item\" role=\"listitem\">\n\t\t\t\t\t<a class=\"elementor-icon elementor-social-icon elementor-social-icon-instagram elementor-repeater-item-a1f9852\" href=\"https:\/\/www.instagram.com\/oscar182di\/?hl=es-la\" target=\"_blank\">\n\t\t\t\t\t\t<span class=\"elementor-screen-only\">Instagram<\/span>\n\t\t\t\t\t\t<i aria-hidden=\"true\" class=\"fab fa-instagram\"><\/i>\t\t\t\t\t<\/a>\n\t\t\t\t<\/span>\n\t\t\t\t\t\t\t<span class=\"elementor-grid-item\" role=\"listitem\">\n\t\t\t\t\t<a class=\"elementor-icon elementor-social-icon elementor-social-icon-linkedin elementor-repeater-item-cf650bb\" href=\"https:\/\/www.linkedin.com\/in\/oscar-mauricio-castro-parra-212134123\/\" target=\"_blank\">\n\t\t\t\t\t\t<span class=\"elementor-screen-only\">Linkedin<\/span>\n\t\t\t\t\t\t<i aria-hidden=\"true\" class=\"fab fa-linkedin\"><\/i>\t\t\t\t\t<\/a>\n\t\t\t\t<\/span>\n\t\t\t\t\t\t\t<span class=\"elementor-grid-item\" role=\"listitem\">\n\t\t\t\t\t<a class=\"elementor-icon elementor-social-icon elementor-social-icon-behance elementor-repeater-item-b8a834d\" href=\"https:\/\/www.behance.net\/oscar182di13fc\" target=\"_blank\">\n\t\t\t\t\t\t<span class=\"elementor-screen-only\">Behance<\/span>\n\t\t\t\t\t\t<i aria-hidden=\"true\" class=\"fab fa-behance\"><\/i>\t\t\t\t\t<\/a>\n\t\t\t\t<\/span>\n\t\t\t\t\t<\/div>\n\t\t\t\t\t\t<\/div>\n\t\t\t\t<\/div>\n\t\t\t\t\t<\/div>\n\t\t<\/div>\n\t\t\t\t\t<\/div>\n\t\t<\/section>\n\t\t\t\t<\/div>\n\t\t","protected":false},"excerpt":{"rendered":"<p>Gr\u00faa bipedestaci\u00f3n \/ Standing crane Gr\u00faa bipedestaci\u00f3n aplicada al entorno dom\u00e9stico. Ideada para el cambio de posici\u00f3n de pacinetes en posici\u00f3n sedente a posici\u00f3n dec\u00fabito dorsal extendido. Proyecto de grado universitario \/\u00a0Standing crane applied to the domestic environment. Designed to change the position of patients from a sitting position to an extended dorsal recumbent position. [&hellip;]<\/p>\n","protected":false},"author":1,"featured_media":0,"parent":0,"menu_order":0,"comment_status":"closed","ping_status":"closed","template":"","meta":{"om_disable_all_campaigns":false,"_monsterinsights_skip_tracking":false,"_monsterinsights_sitenote_active":false,"_monsterinsights_sitenote_note":"","_monsterinsights_sitenote_category":0,"footnotes":""},"class_list":["post-846","page","type-page","status-publish","hentry"],"aioseo_notices":[],"yoast_head":"<!-- This site is optimized with the Yoast SEO plugin v27.4 - https:\/\/yoast.com\/product\/yoast-seo-wordpress\/ -->\n<title>Gr\u00faa Bipedestaci\u00f3n -<\/title>\n<meta name=\"robots\" content=\"index, follow, max-snippet:-1, max-image-preview:large, max-video-preview:-1\" \/>\n<link rel=\"canonical\" href=\"https:\/\/oscarmcastro.com\/index.php\/grua-bipedestacion\/\" \/>\n<meta property=\"og:locale\" content=\"en_US\" \/>\n<meta property=\"og:type\" content=\"article\" \/>\n<meta property=\"og:title\" content=\"Gr\u00faa Bipedestaci\u00f3n -\" \/>\n<meta property=\"og:description\" content=\"Gr\u00faa bipedestaci\u00f3n \/ Standing crane Gr\u00faa bipedestaci\u00f3n aplicada al entorno dom\u00e9stico. Ideada para el cambio de posici\u00f3n de pacinetes en posici\u00f3n sedente a posici\u00f3n dec\u00fabito dorsal extendido. Proyecto de grado universitario \/\u00a0Standing crane applied to the domestic environment. Designed to change the position of patients from a sitting position to an extended dorsal recumbent position. [&hellip;]\" \/>\n<meta property=\"og:url\" content=\"https:\/\/oscarmcastro.com\/index.php\/grua-bipedestacion\/\" \/>\n<meta property=\"article:modified_time\" content=\"2023-12-29T01:36:42+00:00\" \/>\n<meta property=\"og:image\" content=\"http:\/\/oscarmcastro.com\/wp-content\/uploads\/2022\/01\/333cff60577521.5a52792545a35.jpg\" \/>\n<meta name=\"twitter:card\" content=\"summary_large_image\" \/>\n<meta name=\"twitter:label1\" content=\"Est. reading time\" \/>\n\t<meta name=\"twitter:data1\" content=\"2 minutes\" \/>\n<script type=\"application\/ld+json\" class=\"yoast-schema-graph\">{\"@context\":\"https:\\\/\\\/schema.org\",\"@graph\":[{\"@type\":\"WebPage\",\"@id\":\"https:\\\/\\\/oscarmcastro.com\\\/index.php\\\/grua-bipedestacion\\\/\",\"url\":\"https:\\\/\\\/oscarmcastro.com\\\/index.php\\\/grua-bipedestacion\\\/\",\"name\":\"Gr\u00faa Bipedestaci\u00f3n -\",\"isPartOf\":{\"@id\":\"https:\\\/\\\/oscarmcastro.com\\\/#website\"},\"primaryImageOfPage\":{\"@id\":\"https:\\\/\\\/oscarmcastro.com\\\/index.php\\\/grua-bipedestacion\\\/#primaryimage\"},\"image\":{\"@id\":\"https:\\\/\\\/oscarmcastro.com\\\/index.php\\\/grua-bipedestacion\\\/#primaryimage\"},\"thumbnailUrl\":\"http:\\\/\\\/oscarmcastro.com\\\/wp-content\\\/uploads\\\/2022\\\/01\\\/333cff60577521.5a52792545a35.jpg\",\"datePublished\":\"2022-01-07T21:47:43+00:00\",\"dateModified\":\"2023-12-29T01:36:42+00:00\",\"breadcrumb\":{\"@id\":\"https:\\\/\\\/oscarmcastro.com\\\/index.php\\\/grua-bipedestacion\\\/#breadcrumb\"},\"inLanguage\":\"en-US\",\"potentialAction\":[{\"@type\":\"ReadAction\",\"target\":[\"https:\\\/\\\/oscarmcastro.com\\\/index.php\\\/grua-bipedestacion\\\/\"]}]},{\"@type\":\"ImageObject\",\"inLanguage\":\"en-US\",\"@id\":\"https:\\\/\\\/oscarmcastro.com\\\/index.php\\\/grua-bipedestacion\\\/#primaryimage\",\"url\":\"http:\\\/\\\/oscarmcastro.com\\\/wp-content\\\/uploads\\\/2022\\\/01\\\/333cff60577521.5a52792545a35.jpg\",\"contentUrl\":\"http:\\\/\\\/oscarmcastro.com\\\/wp-content\\\/uploads\\\/2022\\\/01\\\/333cff60577521.5a52792545a35.jpg\"},{\"@type\":\"BreadcrumbList\",\"@id\":\"https:\\\/\\\/oscarmcastro.com\\\/index.php\\\/grua-bipedestacion\\\/#breadcrumb\",\"itemListElement\":[{\"@type\":\"ListItem\",\"position\":1,\"name\":\"Portada\",\"item\":\"https:\\\/\\\/oscarmcastro.com\\\/\"},{\"@type\":\"ListItem\",\"position\":2,\"name\":\"Gr\u00faa Bipedestaci\u00f3n\"}]},{\"@type\":\"WebSite\",\"@id\":\"https:\\\/\\\/oscarmcastro.com\\\/#website\",\"url\":\"https:\\\/\\\/oscarmcastro.com\\\/\",\"name\":\"\",\"description\":\"\",\"potentialAction\":[{\"@type\":\"SearchAction\",\"target\":{\"@type\":\"EntryPoint\",\"urlTemplate\":\"https:\\\/\\\/oscarmcastro.com\\\/?s={search_term_string}\"},\"query-input\":{\"@type\":\"PropertyValueSpecification\",\"valueRequired\":true,\"valueName\":\"search_term_string\"}}],\"inLanguage\":\"en-US\"}]}<\/script>\n<!-- \/ Yoast SEO plugin. -->","yoast_head_json":{"title":"Gr\u00faa Bipedestaci\u00f3n -","robots":{"index":"index","follow":"follow","max-snippet":"max-snippet:-1","max-image-preview":"max-image-preview:large","max-video-preview":"max-video-preview:-1"},"canonical":"https:\/\/oscarmcastro.com\/index.php\/grua-bipedestacion\/","og_locale":"en_US","og_type":"article","og_title":"Gr\u00faa Bipedestaci\u00f3n -","og_description":"Gr\u00faa bipedestaci\u00f3n \/ Standing crane Gr\u00faa bipedestaci\u00f3n aplicada al entorno dom\u00e9stico. Ideada para el cambio de posici\u00f3n de pacinetes en posici\u00f3n sedente a posici\u00f3n dec\u00fabito dorsal extendido. Proyecto de grado universitario \/\u00a0Standing crane applied to the domestic environment. Designed to change the position of patients from a sitting position to an extended dorsal recumbent position. [&hellip;]","og_url":"https:\/\/oscarmcastro.com\/index.php\/grua-bipedestacion\/","article_modified_time":"2023-12-29T01:36:42+00:00","og_image":[{"url":"http:\/\/oscarmcastro.com\/wp-content\/uploads\/2022\/01\/333cff60577521.5a52792545a35.jpg","type":"","width":"","height":""}],"twitter_card":"summary_large_image","twitter_misc":{"Est. reading time":"2 minutes"},"schema":{"@context":"https:\/\/schema.org","@graph":[{"@type":"WebPage","@id":"https:\/\/oscarmcastro.com\/index.php\/grua-bipedestacion\/","url":"https:\/\/oscarmcastro.com\/index.php\/grua-bipedestacion\/","name":"Gr\u00faa Bipedestaci\u00f3n -","isPartOf":{"@id":"https:\/\/oscarmcastro.com\/#website"},"primaryImageOfPage":{"@id":"https:\/\/oscarmcastro.com\/index.php\/grua-bipedestacion\/#primaryimage"},"image":{"@id":"https:\/\/oscarmcastro.com\/index.php\/grua-bipedestacion\/#primaryimage"},"thumbnailUrl":"http:\/\/oscarmcastro.com\/wp-content\/uploads\/2022\/01\/333cff60577521.5a52792545a35.jpg","datePublished":"2022-01-07T21:47:43+00:00","dateModified":"2023-12-29T01:36:42+00:00","breadcrumb":{"@id":"https:\/\/oscarmcastro.com\/index.php\/grua-bipedestacion\/#breadcrumb"},"inLanguage":"en-US","potentialAction":[{"@type":"ReadAction","target":["https:\/\/oscarmcastro.com\/index.php\/grua-bipedestacion\/"]}]},{"@type":"ImageObject","inLanguage":"en-US","@id":"https:\/\/oscarmcastro.com\/index.php\/grua-bipedestacion\/#primaryimage","url":"http:\/\/oscarmcastro.com\/wp-content\/uploads\/2022\/01\/333cff60577521.5a52792545a35.jpg","contentUrl":"http:\/\/oscarmcastro.com\/wp-content\/uploads\/2022\/01\/333cff60577521.5a52792545a35.jpg"},{"@type":"BreadcrumbList","@id":"https:\/\/oscarmcastro.com\/index.php\/grua-bipedestacion\/#breadcrumb","itemListElement":[{"@type":"ListItem","position":1,"name":"Portada","item":"https:\/\/oscarmcastro.com\/"},{"@type":"ListItem","position":2,"name":"Gr\u00faa Bipedestaci\u00f3n"}]},{"@type":"WebSite","@id":"https:\/\/oscarmcastro.com\/#website","url":"https:\/\/oscarmcastro.com\/","name":"","description":"","potentialAction":[{"@type":"SearchAction","target":{"@type":"EntryPoint","urlTemplate":"https:\/\/oscarmcastro.com\/?s={search_term_string}"},"query-input":{"@type":"PropertyValueSpecification","valueRequired":true,"valueName":"search_term_string"}}],"inLanguage":"en-US"}]}},"_links":{"self":[{"href":"https:\/\/oscarmcastro.com\/index.php\/wp-json\/wp\/v2\/pages\/846","targetHints":{"allow":["GET"]}}],"collection":[{"href":"https:\/\/oscarmcastro.com\/index.php\/wp-json\/wp\/v2\/pages"}],"about":[{"href":"https:\/\/oscarmcastro.com\/index.php\/wp-json\/wp\/v2\/types\/page"}],"author":[{"embeddable":true,"href":"https:\/\/oscarmcastro.com\/index.php\/wp-json\/wp\/v2\/users\/1"}],"replies":[{"embeddable":true,"href":"https:\/\/oscarmcastro.com\/index.php\/wp-json\/wp\/v2\/comments?post=846"}],"version-history":[{"count":13,"href":"https:\/\/oscarmcastro.com\/index.php\/wp-json\/wp\/v2\/pages\/846\/revisions"}],"predecessor-version":[{"id":2131,"href":"https:\/\/oscarmcastro.com\/index.php\/wp-json\/wp\/v2\/pages\/846\/revisions\/2131"}],"wp:attachment":[{"href":"https:\/\/oscarmcastro.com\/index.php\/wp-json\/wp\/v2\/media?parent=846"}],"curies":[{"name":"wp","href":"https:\/\/api.w.org\/{rel}","templated":true}]}}