{"id":799,"date":"2022-01-06T21:30:02","date_gmt":"2022-01-06T21:30:02","guid":{"rendered":"https:\/\/oscarmcastro.com\/?page_id=799"},"modified":"2023-12-29T01:05:40","modified_gmt":"2023-12-29T01:05:40","slug":"participacion-en-el-equipo-de-desarrollo-valla-kikes","status":"publish","type":"page","link":"https:\/\/oscarmcastro.com\/index.php\/participacion-en-el-equipo-de-desarrollo-valla-kikes\/","title":{"rendered":"Participaci\u00f3n en el equipo de desarrollo valla kikes"},"content":{"rendered":"\t\t<div data-elementor-type=\"wp-page\" data-elementor-id=\"799\" class=\"elementor elementor-799\">\n\t\t\t\t\t\t<section class=\"elementor-section elementor-top-section elementor-element elementor-element-d230e4d elementor-section-boxed elementor-section-height-default elementor-section-height-default\" data-id=\"d230e4d\" data-element_type=\"section\" data-e-type=\"section\">\n\t\t\t\t\t\t<div class=\"elementor-container elementor-column-gap-default\">\n\t\t\t\t\t<div class=\"elementor-column elementor-col-100 elementor-top-column elementor-element elementor-element-985f2fa\" data-id=\"985f2fa\" data-element_type=\"column\" data-e-type=\"column\">\n\t\t\t<div class=\"elementor-widget-wrap elementor-element-populated\">\n\t\t\t\t\t\t<div class=\"elementor-element elementor-element-26cfaad elementor-widget elementor-widget-heading\" data-id=\"26cfaad\" data-element_type=\"widget\" data-e-type=\"widget\" data-widget_type=\"heading.default\">\n\t\t\t\t<div class=\"elementor-widget-container\">\n\t\t\t\t\t<h2 class=\"elementor-heading-title elementor-size-default\">Participaci\u00f3n en el equipo de desarrollo valla KIKES 3d \/ Participation in the KIKES 3d fence development team<\/h2>\t\t\t\t<\/div>\n\t\t\t\t<\/div>\n\t\t\t\t<div class=\"elementor-element elementor-element-6829dba elementor-widget elementor-widget-text-editor\" data-id=\"6829dba\" data-element_type=\"widget\" data-e-type=\"widget\" data-widget_type=\"text-editor.default\">\n\t\t\t\t<div class=\"elementor-widget-container\">\n\t\t\t\t\t\t\t\t\t<p style=\"text-align: center; background: white; vertical-align: baseline; margin: 0cm 0cm 12.0pt 0cm;\" align=\"center\"><span style=\"font-size: 10.5pt; font-family: 'Helvetica',sans-serif; color: #5a5a5a;\">Participaci\u00f3n en el desarrollo 3d. Modulaci\u00f3n y simulaci\u00f3n de la valla \/\u00a0<\/span><span style=\"text-align: left;\"><span style=\"color: #5a5a5a; font-family: Helvetica, sans-serif;\">Participation in 3d development. Modulation and simulation of the fence.<\/span><\/span><\/p><p align=\"center\">Elaborada en colaboraci\u00f3n junto a PVS Agencia y Publicom S.A.S. \/ In association with PVS agency and Publicom S.A.S.<\/p><p style=\"text-align: center; background: white; vertical-align: baseline; box-sizing: border-box; font-variant-ligatures: normal; font-variant-caps: normal; orphans: 2; widows: 2; -webkit-text-stroke-width: 0px; text-decoration-thickness: initial; text-decoration-style: initial; text-decoration-color: initial; word-spacing: 0px; margin: 0cm 0cm 12.0pt 0cm;\" align=\"center\"><span style=\"box-sizing: border-box;\"><span style=\"font-size: 10.5pt; font-family: 'Helvetica',sans-serif; color: #5a5a5a;\">A\u00f1o de elaboraci\u00f3n \/ Year of production: 2020<\/span><\/span><\/p><p style=\"text-align: center; background: white; vertical-align: baseline; box-sizing: border-box; font-variant-ligatures: normal; font-variant-caps: normal; orphans: 2; widows: 2; -webkit-text-stroke-width: 0px; text-decoration-thickness: initial; text-decoration-style: initial; text-decoration-color: initial; outline: 0px; word-spacing: 0px; margin: 0cm 0cm 12.0pt 0cm;\" align=\"center\"><span style=\"box-sizing: border-box;\"><span style=\"font-size: 10.5pt; font-family: 'Helvetica',sans-serif; color: #5a5a5a;\">Bucaramanga \u2013 Colombia<\/span><\/span><\/p><p>\u00a0<\/p>\t\t\t\t\t\t\t\t<\/div>\n\t\t\t\t<\/div>\n\t\t\t\t<div class=\"elementor-element elementor-element-b6fc728 elementor-widget elementor-widget-video\" data-id=\"b6fc728\" data-element_type=\"widget\" data-e-type=\"widget\" data-settings=\"{&quot;youtube_url&quot;:&quot;https:\\\/\\\/www.youtube.com\\\/watch?v=V4hP7cYUxG8&quot;,&quot;video_type&quot;:&quot;youtube&quot;,&quot;controls&quot;:&quot;yes&quot;}\" data-widget_type=\"video.default\">\n\t\t\t\t<div class=\"elementor-widget-container\">\n\t\t\t\t\t\t\t<div class=\"elementor-wrapper elementor-open-inline\">\n\t\t\t<div class=\"elementor-video\"><\/div>\t\t<\/div>\n\t\t\t\t\t\t<\/div>\n\t\t\t\t<\/div>\n\t\t\t\t<div class=\"elementor-element elementor-element-ffd0ba2 elementor-widget elementor-widget-spacer\" data-id=\"ffd0ba2\" data-element_type=\"widget\" data-e-type=\"widget\" data-widget_type=\"spacer.default\">\n\t\t\t\t<div class=\"elementor-widget-container\">\n\t\t\t\t\t\t\t<div class=\"elementor-spacer\">\n\t\t\t<div class=\"elementor-spacer-inner\"><\/div>\n\t\t<\/div>\n\t\t\t\t\t\t<\/div>\n\t\t\t\t<\/div>\n\t\t\t\t<div class=\"elementor-element elementor-element-b7f9e90 elementor-widget elementor-widget-image\" data-id=\"b7f9e90\" data-element_type=\"widget\" data-e-type=\"widget\" data-widget_type=\"image.default\">\n\t\t\t\t<div class=\"elementor-widget-container\">\n\t\t\t\t\t\t\t\t\t\t\t\t\t\t\t<img fetchpriority=\"high\" decoding=\"async\" width=\"640\" height=\"640\" src=\"https:\/\/oscarmcastro.com\/wp-content\/uploads\/2022\/01\/KIKES-1024x1024.jpg\" class=\"attachment-large size-large wp-image-465\" alt=\"\" srcset=\"https:\/\/oscarmcastro.com\/wp-content\/uploads\/2022\/01\/KIKES-1024x1024.jpg 1024w, https:\/\/oscarmcastro.com\/wp-content\/uploads\/2022\/01\/KIKES-300x300.jpg 300w, https:\/\/oscarmcastro.com\/wp-content\/uploads\/2022\/01\/KIKES-150x150.jpg 150w, https:\/\/oscarmcastro.com\/wp-content\/uploads\/2022\/01\/KIKES-768x768.jpg 768w, https:\/\/oscarmcastro.com\/wp-content\/uploads\/2022\/01\/KIKES.jpg 1080w\" sizes=\"100vw\" \/>\t\t\t\t\t\t\t\t\t\t\t\t\t\t\t<\/div>\n\t\t\t\t<\/div>\n\t\t\t\t<div class=\"elementor-element elementor-element-44ff43e elementor-widget elementor-widget-spacer\" data-id=\"44ff43e\" data-element_type=\"widget\" data-e-type=\"widget\" data-widget_type=\"spacer.default\">\n\t\t\t\t<div class=\"elementor-widget-container\">\n\t\t\t\t\t\t\t<div class=\"elementor-spacer\">\n\t\t\t<div class=\"elementor-spacer-inner\"><\/div>\n\t\t<\/div>\n\t\t\t\t\t\t<\/div>\n\t\t\t\t<\/div>\n\t\t\t\t<div class=\"elementor-element elementor-element-514896a elementor-align-center elementor-widget elementor-widget-button\" data-id=\"514896a\" data-element_type=\"widget\" data-e-type=\"widget\" data-widget_type=\"button.default\">\n\t\t\t\t<div class=\"elementor-widget-container\">\n\t\t\t\t\t\t\t\t\t<div class=\"elementor-button-wrapper\">\n\t\t\t\t\t<a class=\"elementor-button elementor-button-link elementor-size-sm\" href=\"https:\/\/oscarmcastro.com\/index.php\/portafolio\/\">\n\t\t\t\t\t\t<span class=\"elementor-button-content-wrapper\">\n\t\t\t\t\t\t\t\t\t<span class=\"elementor-button-text\">Atr\u00e1s \/ Back<\/span>\n\t\t\t\t\t<\/span>\n\t\t\t\t\t<\/a>\n\t\t\t\t<\/div>\n\t\t\t\t\t\t\t\t<\/div>\n\t\t\t\t<\/div>\n\t\t\t\t<div class=\"elementor-element elementor-element-3e0abcf elementor-widget elementor-widget-spacer\" data-id=\"3e0abcf\" data-element_type=\"widget\" data-e-type=\"widget\" data-widget_type=\"spacer.default\">\n\t\t\t\t<div class=\"elementor-widget-container\">\n\t\t\t\t\t\t\t<div class=\"elementor-spacer\">\n\t\t\t<div class=\"elementor-spacer-inner\"><\/div>\n\t\t<\/div>\n\t\t\t\t\t\t<\/div>\n\t\t\t\t<\/div>\n\t\t\t\t<div class=\"elementor-element elementor-element-c312b38 elementor-shape-rounded elementor-grid-0 e-grid-align-center elementor-widget elementor-widget-social-icons\" data-id=\"c312b38\" data-element_type=\"widget\" data-e-type=\"widget\" data-widget_type=\"social-icons.default\">\n\t\t\t\t<div class=\"elementor-widget-container\">\n\t\t\t\t\t\t\t<div class=\"elementor-social-icons-wrapper elementor-grid\" role=\"list\">\n\t\t\t\t\t\t\t<span class=\"elementor-grid-item\" role=\"listitem\">\n\t\t\t\t\t<a class=\"elementor-icon elementor-social-icon elementor-social-icon-instagram elementor-repeater-item-1a0393c\" href=\"https:\/\/www.instagram.com\/oscar182di\/?hl=es-la\" target=\"_blank\">\n\t\t\t\t\t\t<span class=\"elementor-screen-only\">Instagram<\/span>\n\t\t\t\t\t\t<i aria-hidden=\"true\" class=\"fab fa-instagram\"><\/i>\t\t\t\t\t<\/a>\n\t\t\t\t<\/span>\n\t\t\t\t\t\t\t<span class=\"elementor-grid-item\" role=\"listitem\">\n\t\t\t\t\t<a class=\"elementor-icon elementor-social-icon elementor-social-icon-linkedin elementor-repeater-item-820d9eb\" href=\"https:\/\/www.linkedin.com\/in\/oscar-mauricio-castro-parra-212134123\/\" target=\"_blank\">\n\t\t\t\t\t\t<span class=\"elementor-screen-only\">Linkedin<\/span>\n\t\t\t\t\t\t<i aria-hidden=\"true\" class=\"fab fa-linkedin\"><\/i>\t\t\t\t\t<\/a>\n\t\t\t\t<\/span>\n\t\t\t\t\t\t\t<span class=\"elementor-grid-item\" role=\"listitem\">\n\t\t\t\t\t<a class=\"elementor-icon elementor-social-icon elementor-social-icon-behance elementor-repeater-item-5961118\" href=\"https:\/\/www.behance.net\/oscar182di13fc\" target=\"_blank\">\n\t\t\t\t\t\t<span class=\"elementor-screen-only\">Behance<\/span>\n\t\t\t\t\t\t<i aria-hidden=\"true\" class=\"fab fa-behance\"><\/i>\t\t\t\t\t<\/a>\n\t\t\t\t<\/span>\n\t\t\t\t\t<\/div>\n\t\t\t\t\t\t<\/div>\n\t\t\t\t<\/div>\n\t\t\t\t\t<\/div>\n\t\t<\/div>\n\t\t\t\t\t<\/div>\n\t\t<\/section>\n\t\t\t\t<\/div>\n\t\t","protected":false},"excerpt":{"rendered":"<p>Participaci\u00f3n en el equipo de desarrollo valla KIKES 3d \/ Participation in the KIKES 3d fence development team Participaci\u00f3n en el desarrollo 3d. Modulaci\u00f3n y simulaci\u00f3n de la valla \/\u00a0Participation in 3d development. Modulation and simulation of the fence. Elaborada en colaboraci\u00f3n junto a PVS Agencia y Publicom S.A.S. \/ In association with PVS agency [&hellip;]<\/p>\n","protected":false},"author":1,"featured_media":0,"parent":0,"menu_order":0,"comment_status":"closed","ping_status":"closed","template":"","meta":{"om_disable_all_campaigns":false,"_monsterinsights_skip_tracking":false,"_monsterinsights_sitenote_active":false,"_monsterinsights_sitenote_note":"","_monsterinsights_sitenote_category":0,"footnotes":""},"class_list":["post-799","page","type-page","status-publish","hentry"],"aioseo_notices":[],"yoast_head":"<!-- This site is optimized with the Yoast SEO plugin v27.4 - https:\/\/yoast.com\/product\/yoast-seo-wordpress\/ -->\n<title>Participaci\u00f3n en el equipo de desarrollo valla kikes -<\/title>\n<meta name=\"robots\" content=\"index, follow, max-snippet:-1, max-image-preview:large, max-video-preview:-1\" \/>\n<link rel=\"canonical\" href=\"https:\/\/oscarmcastro.com\/index.php\/participacion-en-el-equipo-de-desarrollo-valla-kikes\/\" \/>\n<meta property=\"og:locale\" content=\"en_US\" \/>\n<meta property=\"og:type\" content=\"article\" \/>\n<meta property=\"og:title\" content=\"Participaci\u00f3n en el equipo de desarrollo valla kikes -\" \/>\n<meta property=\"og:description\" content=\"Participaci\u00f3n en el equipo de desarrollo valla KIKES 3d \/ Participation in the KIKES 3d fence development team Participaci\u00f3n en el desarrollo 3d. Modulaci\u00f3n y simulaci\u00f3n de la valla \/\u00a0Participation in 3d development. Modulation and simulation of the fence. Elaborada en colaboraci\u00f3n junto a PVS Agencia y Publicom S.A.S. \/ In association with PVS agency [&hellip;]\" \/>\n<meta property=\"og:url\" content=\"https:\/\/oscarmcastro.com\/index.php\/participacion-en-el-equipo-de-desarrollo-valla-kikes\/\" \/>\n<meta property=\"article:modified_time\" content=\"2023-12-29T01:05:40+00:00\" \/>\n<meta property=\"og:image\" content=\"http:\/\/oscarmcastro.com\/wp-content\/uploads\/2022\/01\/KIKES-1024x1024.jpg\" \/>\n<meta name=\"twitter:card\" content=\"summary_large_image\" \/>\n<meta name=\"twitter:label1\" content=\"Est. reading time\" \/>\n\t<meta name=\"twitter:data1\" content=\"1 minute\" \/>\n<script type=\"application\/ld+json\" class=\"yoast-schema-graph\">{\"@context\":\"https:\\\/\\\/schema.org\",\"@graph\":[{\"@type\":\"WebPage\",\"@id\":\"https:\\\/\\\/oscarmcastro.com\\\/index.php\\\/participacion-en-el-equipo-de-desarrollo-valla-kikes\\\/\",\"url\":\"https:\\\/\\\/oscarmcastro.com\\\/index.php\\\/participacion-en-el-equipo-de-desarrollo-valla-kikes\\\/\",\"name\":\"Participaci\u00f3n en el equipo de desarrollo valla kikes -\",\"isPartOf\":{\"@id\":\"https:\\\/\\\/oscarmcastro.com\\\/#website\"},\"primaryImageOfPage\":{\"@id\":\"https:\\\/\\\/oscarmcastro.com\\\/index.php\\\/participacion-en-el-equipo-de-desarrollo-valla-kikes\\\/#primaryimage\"},\"image\":{\"@id\":\"https:\\\/\\\/oscarmcastro.com\\\/index.php\\\/participacion-en-el-equipo-de-desarrollo-valla-kikes\\\/#primaryimage\"},\"thumbnailUrl\":\"http:\\\/\\\/oscarmcastro.com\\\/wp-content\\\/uploads\\\/2022\\\/01\\\/KIKES-1024x1024.jpg\",\"datePublished\":\"2022-01-06T21:30:02+00:00\",\"dateModified\":\"2023-12-29T01:05:40+00:00\",\"breadcrumb\":{\"@id\":\"https:\\\/\\\/oscarmcastro.com\\\/index.php\\\/participacion-en-el-equipo-de-desarrollo-valla-kikes\\\/#breadcrumb\"},\"inLanguage\":\"en-US\",\"potentialAction\":[{\"@type\":\"ReadAction\",\"target\":[\"https:\\\/\\\/oscarmcastro.com\\\/index.php\\\/participacion-en-el-equipo-de-desarrollo-valla-kikes\\\/\"]}]},{\"@type\":\"ImageObject\",\"inLanguage\":\"en-US\",\"@id\":\"https:\\\/\\\/oscarmcastro.com\\\/index.php\\\/participacion-en-el-equipo-de-desarrollo-valla-kikes\\\/#primaryimage\",\"url\":\"http:\\\/\\\/oscarmcastro.com\\\/wp-content\\\/uploads\\\/2022\\\/01\\\/KIKES-1024x1024.jpg\",\"contentUrl\":\"http:\\\/\\\/oscarmcastro.com\\\/wp-content\\\/uploads\\\/2022\\\/01\\\/KIKES-1024x1024.jpg\"},{\"@type\":\"BreadcrumbList\",\"@id\":\"https:\\\/\\\/oscarmcastro.com\\\/index.php\\\/participacion-en-el-equipo-de-desarrollo-valla-kikes\\\/#breadcrumb\",\"itemListElement\":[{\"@type\":\"ListItem\",\"position\":1,\"name\":\"Portada\",\"item\":\"https:\\\/\\\/oscarmcastro.com\\\/\"},{\"@type\":\"ListItem\",\"position\":2,\"name\":\"Participaci\u00f3n en el equipo de desarrollo valla kikes\"}]},{\"@type\":\"WebSite\",\"@id\":\"https:\\\/\\\/oscarmcastro.com\\\/#website\",\"url\":\"https:\\\/\\\/oscarmcastro.com\\\/\",\"name\":\"\",\"description\":\"\",\"potentialAction\":[{\"@type\":\"SearchAction\",\"target\":{\"@type\":\"EntryPoint\",\"urlTemplate\":\"https:\\\/\\\/oscarmcastro.com\\\/?s={search_term_string}\"},\"query-input\":{\"@type\":\"PropertyValueSpecification\",\"valueRequired\":true,\"valueName\":\"search_term_string\"}}],\"inLanguage\":\"en-US\"}]}<\/script>\n<!-- \/ Yoast SEO plugin. -->","yoast_head_json":{"title":"Participaci\u00f3n en el equipo de desarrollo valla kikes -","robots":{"index":"index","follow":"follow","max-snippet":"max-snippet:-1","max-image-preview":"max-image-preview:large","max-video-preview":"max-video-preview:-1"},"canonical":"https:\/\/oscarmcastro.com\/index.php\/participacion-en-el-equipo-de-desarrollo-valla-kikes\/","og_locale":"en_US","og_type":"article","og_title":"Participaci\u00f3n en el equipo de desarrollo valla kikes -","og_description":"Participaci\u00f3n en el equipo de desarrollo valla KIKES 3d \/ Participation in the KIKES 3d fence development team Participaci\u00f3n en el desarrollo 3d. Modulaci\u00f3n y simulaci\u00f3n de la valla \/\u00a0Participation in 3d development. Modulation and simulation of the fence. Elaborada en colaboraci\u00f3n junto a PVS Agencia y Publicom S.A.S. \/ In association with PVS agency [&hellip;]","og_url":"https:\/\/oscarmcastro.com\/index.php\/participacion-en-el-equipo-de-desarrollo-valla-kikes\/","article_modified_time":"2023-12-29T01:05:40+00:00","og_image":[{"url":"http:\/\/oscarmcastro.com\/wp-content\/uploads\/2022\/01\/KIKES-1024x1024.jpg","type":"","width":"","height":""}],"twitter_card":"summary_large_image","twitter_misc":{"Est. reading time":"1 minute"},"schema":{"@context":"https:\/\/schema.org","@graph":[{"@type":"WebPage","@id":"https:\/\/oscarmcastro.com\/index.php\/participacion-en-el-equipo-de-desarrollo-valla-kikes\/","url":"https:\/\/oscarmcastro.com\/index.php\/participacion-en-el-equipo-de-desarrollo-valla-kikes\/","name":"Participaci\u00f3n en el equipo de desarrollo valla kikes -","isPartOf":{"@id":"https:\/\/oscarmcastro.com\/#website"},"primaryImageOfPage":{"@id":"https:\/\/oscarmcastro.com\/index.php\/participacion-en-el-equipo-de-desarrollo-valla-kikes\/#primaryimage"},"image":{"@id":"https:\/\/oscarmcastro.com\/index.php\/participacion-en-el-equipo-de-desarrollo-valla-kikes\/#primaryimage"},"thumbnailUrl":"http:\/\/oscarmcastro.com\/wp-content\/uploads\/2022\/01\/KIKES-1024x1024.jpg","datePublished":"2022-01-06T21:30:02+00:00","dateModified":"2023-12-29T01:05:40+00:00","breadcrumb":{"@id":"https:\/\/oscarmcastro.com\/index.php\/participacion-en-el-equipo-de-desarrollo-valla-kikes\/#breadcrumb"},"inLanguage":"en-US","potentialAction":[{"@type":"ReadAction","target":["https:\/\/oscarmcastro.com\/index.php\/participacion-en-el-equipo-de-desarrollo-valla-kikes\/"]}]},{"@type":"ImageObject","inLanguage":"en-US","@id":"https:\/\/oscarmcastro.com\/index.php\/participacion-en-el-equipo-de-desarrollo-valla-kikes\/#primaryimage","url":"http:\/\/oscarmcastro.com\/wp-content\/uploads\/2022\/01\/KIKES-1024x1024.jpg","contentUrl":"http:\/\/oscarmcastro.com\/wp-content\/uploads\/2022\/01\/KIKES-1024x1024.jpg"},{"@type":"BreadcrumbList","@id":"https:\/\/oscarmcastro.com\/index.php\/participacion-en-el-equipo-de-desarrollo-valla-kikes\/#breadcrumb","itemListElement":[{"@type":"ListItem","position":1,"name":"Portada","item":"https:\/\/oscarmcastro.com\/"},{"@type":"ListItem","position":2,"name":"Participaci\u00f3n en el equipo de desarrollo valla kikes"}]},{"@type":"WebSite","@id":"https:\/\/oscarmcastro.com\/#website","url":"https:\/\/oscarmcastro.com\/","name":"","description":"","potentialAction":[{"@type":"SearchAction","target":{"@type":"EntryPoint","urlTemplate":"https:\/\/oscarmcastro.com\/?s={search_term_string}"},"query-input":{"@type":"PropertyValueSpecification","valueRequired":true,"valueName":"search_term_string"}}],"inLanguage":"en-US"}]}},"_links":{"self":[{"href":"https:\/\/oscarmcastro.com\/index.php\/wp-json\/wp\/v2\/pages\/799","targetHints":{"allow":["GET"]}}],"collection":[{"href":"https:\/\/oscarmcastro.com\/index.php\/wp-json\/wp\/v2\/pages"}],"about":[{"href":"https:\/\/oscarmcastro.com\/index.php\/wp-json\/wp\/v2\/types\/page"}],"author":[{"embeddable":true,"href":"https:\/\/oscarmcastro.com\/index.php\/wp-json\/wp\/v2\/users\/1"}],"replies":[{"embeddable":true,"href":"https:\/\/oscarmcastro.com\/index.php\/wp-json\/wp\/v2\/comments?post=799"}],"version-history":[{"count":13,"href":"https:\/\/oscarmcastro.com\/index.php\/wp-json\/wp\/v2\/pages\/799\/revisions"}],"predecessor-version":[{"id":2109,"href":"https:\/\/oscarmcastro.com\/index.php\/wp-json\/wp\/v2\/pages\/799\/revisions\/2109"}],"wp:attachment":[{"href":"https:\/\/oscarmcastro.com\/index.php\/wp-json\/wp\/v2\/media?parent=799"}],"curies":[{"name":"wp","href":"https:\/\/api.w.org\/{rel}","templated":true}]}}