{"id":635,"date":"2022-01-06T13:56:09","date_gmt":"2022-01-06T13:56:09","guid":{"rendered":"https:\/\/oscarmcastro.com\/?page_id=635"},"modified":"2022-01-11T13:54:41","modified_gmt":"2022-01-11T13:54:41","slug":"ilustracion-restaurante-la-finca","status":"publish","type":"page","link":"https:\/\/oscarmcastro.com\/index.php\/ilustracion-restaurante-la-finca\/","title":{"rendered":"Ilustraci\u00f3n restaurante la finca"},"content":{"rendered":"\t\t<div data-elementor-type=\"wp-page\" data-elementor-id=\"635\" class=\"elementor elementor-635\">\n\t\t\t\t\t\t<section class=\"elementor-section elementor-top-section elementor-element elementor-element-6e896e3 elementor-section-boxed elementor-section-height-default elementor-section-height-default\" data-id=\"6e896e3\" data-element_type=\"section\" data-e-type=\"section\">\n\t\t\t\t\t\t<div class=\"elementor-container elementor-column-gap-default\">\n\t\t\t\t\t<div class=\"elementor-column elementor-col-100 elementor-top-column elementor-element elementor-element-8825610\" data-id=\"8825610\" data-element_type=\"column\" data-e-type=\"column\">\n\t\t\t<div class=\"elementor-widget-wrap elementor-element-populated\">\n\t\t\t\t\t\t<div class=\"elementor-element elementor-element-40d5ef4 elementor-widget elementor-widget-heading\" data-id=\"40d5ef4\" data-element_type=\"widget\" data-e-type=\"widget\" data-widget_type=\"heading.default\">\n\t\t\t\t<div class=\"elementor-widget-container\">\n\t\t\t\t\t<h2 class=\"elementor-heading-title elementor-size-default\">Ilustraci\u00f3n para el restaurante: La finca<\/h2>\t\t\t\t<\/div>\n\t\t\t\t<\/div>\n\t\t\t\t<div class=\"elementor-element elementor-element-2aae8df elementor-widget elementor-widget-text-editor\" data-id=\"2aae8df\" data-element_type=\"widget\" data-e-type=\"widget\" data-widget_type=\"text-editor.default\">\n\t\t\t\t<div class=\"elementor-widget-container\">\n\t\t\t\t\t\t\t\t\t<p style=\"text-align: center; background: white; vertical-align: baseline; margin: 0cm 0cm 12.0pt 0cm;\" align=\"center\"><span style=\"font-size: 10.5pt; font-family: 'Helvetica',sans-serif; color: #5a5a5a;\">Ilustraciones para el restaurante t\u00edpico La finca ubicado en la mesa de los santos &#8211; Santander .<\/span><\/p><p style=\"text-align: center; background: white; vertical-align: baseline; box-sizing: border-box; font-variant-ligatures: normal; font-variant-caps: normal; orphans: 2; widows: 2; -webkit-text-stroke-width: 0px; text-decoration-thickness: initial; text-decoration-style: initial; text-decoration-color: initial; word-spacing: 0px; margin: 0cm 0cm 12.0pt 0cm;\" align=\"center\"><span style=\"box-sizing: border-box;\"><span style=\"font-size: 10.5pt; font-family: 'Helvetica',sans-serif; color: #5a5a5a;\">A\u00f1o de elaboraci\u00f3n: 2021<\/span><\/span><\/p><p style=\"text-align: center; background: white; vertical-align: baseline; box-sizing: border-box; font-variant-ligatures: normal; font-variant-caps: normal; orphans: 2; widows: 2; -webkit-text-stroke-width: 0px; text-decoration-thickness: initial; text-decoration-style: initial; text-decoration-color: initial; outline: 0px; word-spacing: 0px; margin: 0cm 0cm 12.0pt 0cm;\" align=\"center\"><span style=\"box-sizing: border-box;\"><span style=\"font-size: 10.5pt; font-family: 'Helvetica',sans-serif; color: #5a5a5a;\">Bucaramanga \u2013 Colombia<\/span><\/span><\/p>\t\t\t\t\t\t\t\t<\/div>\n\t\t\t\t<\/div>\n\t\t\t\t<div class=\"elementor-element elementor-element-e4c3522 elementor-widget elementor-widget-image\" data-id=\"e4c3522\" data-element_type=\"widget\" data-e-type=\"widget\" data-widget_type=\"image.default\">\n\t\t\t\t<div class=\"elementor-widget-container\">\n\t\t\t\t\t\t\t\t\t\t\t\t\t\t\t<img fetchpriority=\"high\" decoding=\"async\" width=\"640\" height=\"146\" src=\"https:\/\/oscarmcastro.com\/wp-content\/uploads\/2022\/01\/restaurante-mesa-1-1024x234.png\" class=\"attachment-large size-large wp-image-637\" alt=\"\" srcset=\"https:\/\/oscarmcastro.com\/wp-content\/uploads\/2022\/01\/restaurante-mesa-1-1024x234.png 1024w, https:\/\/oscarmcastro.com\/wp-content\/uploads\/2022\/01\/restaurante-mesa-1-300x69.png 300w, https:\/\/oscarmcastro.com\/wp-content\/uploads\/2022\/01\/restaurante-mesa-1-768x175.png 768w, https:\/\/oscarmcastro.com\/wp-content\/uploads\/2022\/01\/restaurante-mesa-1-1536x351.png 1536w, https:\/\/oscarmcastro.com\/wp-content\/uploads\/2022\/01\/restaurante-mesa-1-2048x468.png 2048w\" sizes=\"100vw\" \/>\t\t\t\t\t\t\t\t\t\t\t\t\t\t\t<\/div>\n\t\t\t\t<\/div>\n\t\t\t\t<div class=\"elementor-element elementor-element-759965c elementor-widget elementor-widget-image\" data-id=\"759965c\" data-element_type=\"widget\" data-e-type=\"widget\" data-widget_type=\"image.default\">\n\t\t\t\t<div class=\"elementor-widget-container\">\n\t\t\t\t\t\t\t\t\t\t\t\t\t\t\t<img decoding=\"async\" width=\"640\" height=\"286\" src=\"https:\/\/oscarmcastro.com\/wp-content\/uploads\/2022\/01\/restaurante-mesa-2-1024x457.png\" class=\"attachment-large size-large wp-image-638\" alt=\"\" srcset=\"https:\/\/oscarmcastro.com\/wp-content\/uploads\/2022\/01\/restaurante-mesa-2-1024x457.png 1024w, https:\/\/oscarmcastro.com\/wp-content\/uploads\/2022\/01\/restaurante-mesa-2-300x134.png 300w, https:\/\/oscarmcastro.com\/wp-content\/uploads\/2022\/01\/restaurante-mesa-2-768x343.png 768w, https:\/\/oscarmcastro.com\/wp-content\/uploads\/2022\/01\/restaurante-mesa-2-1536x686.png 1536w, https:\/\/oscarmcastro.com\/wp-content\/uploads\/2022\/01\/restaurante-mesa-2-2048x914.png 2048w\" sizes=\"100vw\" \/>\t\t\t\t\t\t\t\t\t\t\t\t\t\t\t<\/div>\n\t\t\t\t<\/div>\n\t\t\t\t<div class=\"elementor-element elementor-element-12b90e1 elementor-widget elementor-widget-image\" data-id=\"12b90e1\" data-element_type=\"widget\" data-e-type=\"widget\" data-widget_type=\"image.default\">\n\t\t\t\t<div class=\"elementor-widget-container\">\n\t\t\t\t\t\t\t\t\t\t\t\t\t\t\t<img decoding=\"async\" width=\"640\" height=\"1166\" src=\"https:\/\/oscarmcastro.com\/wp-content\/uploads\/2022\/01\/restaurante-mesa-3-768x1399.png\" class=\"attachment-medium_large size-medium_large wp-image-639\" alt=\"\" srcset=\"https:\/\/oscarmcastro.com\/wp-content\/uploads\/2022\/01\/restaurante-mesa-3-768x1399.png 768w, https:\/\/oscarmcastro.com\/wp-content\/uploads\/2022\/01\/restaurante-mesa-3-165x300.png 165w, https:\/\/oscarmcastro.com\/wp-content\/uploads\/2022\/01\/restaurante-mesa-3-562x1024.png 562w, https:\/\/oscarmcastro.com\/wp-content\/uploads\/2022\/01\/restaurante-mesa-3-843x1536.png 843w, https:\/\/oscarmcastro.com\/wp-content\/uploads\/2022\/01\/restaurante-mesa-3-1124x2048.png 1124w\" sizes=\"100vw\" \/>\t\t\t\t\t\t\t\t\t\t\t\t\t\t\t<\/div>\n\t\t\t\t<\/div>\n\t\t\t\t<div class=\"elementor-element elementor-element-ef906d6 elementor-widget elementor-widget-spacer\" data-id=\"ef906d6\" data-element_type=\"widget\" data-e-type=\"widget\" data-widget_type=\"spacer.default\">\n\t\t\t\t<div class=\"elementor-widget-container\">\n\t\t\t\t\t\t\t<div class=\"elementor-spacer\">\n\t\t\t<div class=\"elementor-spacer-inner\"><\/div>\n\t\t<\/div>\n\t\t\t\t\t\t<\/div>\n\t\t\t\t<\/div>\n\t\t\t\t<div class=\"elementor-element elementor-element-9d8e58f elementor-align-center elementor-widget elementor-widget-button\" data-id=\"9d8e58f\" data-element_type=\"widget\" data-e-type=\"widget\" data-widget_type=\"button.default\">\n\t\t\t\t<div class=\"elementor-widget-container\">\n\t\t\t\t\t\t\t\t\t<div class=\"elementor-button-wrapper\">\n\t\t\t\t\t<a class=\"elementor-button elementor-button-link elementor-size-sm\" href=\"https:\/\/oscarmcastro.com\/index.php\/portafolio\/\">\n\t\t\t\t\t\t<span class=\"elementor-button-content-wrapper\">\n\t\t\t\t\t\t\t\t\t<span class=\"elementor-button-text\">Atr\u00e1s<\/span>\n\t\t\t\t\t<\/span>\n\t\t\t\t\t<\/a>\n\t\t\t\t<\/div>\n\t\t\t\t\t\t\t\t<\/div>\n\t\t\t\t<\/div>\n\t\t\t\t<div class=\"elementor-element elementor-element-33ac70c elementor-widget elementor-widget-spacer\" data-id=\"33ac70c\" data-element_type=\"widget\" data-e-type=\"widget\" data-widget_type=\"spacer.default\">\n\t\t\t\t<div class=\"elementor-widget-container\">\n\t\t\t\t\t\t\t<div class=\"elementor-spacer\">\n\t\t\t<div class=\"elementor-spacer-inner\"><\/div>\n\t\t<\/div>\n\t\t\t\t\t\t<\/div>\n\t\t\t\t<\/div>\n\t\t\t\t<div class=\"elementor-element elementor-element-8007b0a elementor-shape-rounded elementor-grid-0 e-grid-align-center elementor-widget elementor-widget-social-icons\" data-id=\"8007b0a\" data-element_type=\"widget\" data-e-type=\"widget\" data-widget_type=\"social-icons.default\">\n\t\t\t\t<div class=\"elementor-widget-container\">\n\t\t\t\t\t\t\t<div class=\"elementor-social-icons-wrapper elementor-grid\" role=\"list\">\n\t\t\t\t\t\t\t<span class=\"elementor-grid-item\" role=\"listitem\">\n\t\t\t\t\t<a class=\"elementor-icon elementor-social-icon elementor-social-icon-instagram elementor-repeater-item-187100f\" href=\"https:\/\/www.instagram.com\/oscar182di\/?hl=es-la\" target=\"_blank\">\n\t\t\t\t\t\t<span class=\"elementor-screen-only\">Instagram<\/span>\n\t\t\t\t\t\t<i aria-hidden=\"true\" class=\"fab fa-instagram\"><\/i>\t\t\t\t\t<\/a>\n\t\t\t\t<\/span>\n\t\t\t\t\t\t\t<span class=\"elementor-grid-item\" role=\"listitem\">\n\t\t\t\t\t<a class=\"elementor-icon elementor-social-icon elementor-social-icon-linkedin elementor-repeater-item-03996f3\" href=\"https:\/\/www.linkedin.com\/in\/oscar-mauricio-castro-parra-212134123\/\" target=\"_blank\">\n\t\t\t\t\t\t<span class=\"elementor-screen-only\">Linkedin<\/span>\n\t\t\t\t\t\t<i aria-hidden=\"true\" class=\"fab fa-linkedin\"><\/i>\t\t\t\t\t<\/a>\n\t\t\t\t<\/span>\n\t\t\t\t\t\t\t<span class=\"elementor-grid-item\" role=\"listitem\">\n\t\t\t\t\t<a class=\"elementor-icon elementor-social-icon elementor-social-icon-behance elementor-repeater-item-3fe5424\" href=\"https:\/\/www.behance.net\/oscar182di13fc\" target=\"_blank\">\n\t\t\t\t\t\t<span class=\"elementor-screen-only\">Behance<\/span>\n\t\t\t\t\t\t<i aria-hidden=\"true\" class=\"fab fa-behance\"><\/i>\t\t\t\t\t<\/a>\n\t\t\t\t<\/span>\n\t\t\t\t\t<\/div>\n\t\t\t\t\t\t<\/div>\n\t\t\t\t<\/div>\n\t\t\t\t\t<\/div>\n\t\t<\/div>\n\t\t\t\t\t<\/div>\n\t\t<\/section>\n\t\t\t\t<\/div>\n\t\t","protected":false},"excerpt":{"rendered":"<p>Ilustraci\u00f3n para el restaurante: La finca Ilustraciones para el restaurante t\u00edpico La finca ubicado en la mesa de los santos &#8211; Santander . A\u00f1o de elaboraci\u00f3n: 2021 Bucaramanga \u2013 Colombia Atr\u00e1s Instagram Linkedin Behance<\/p>\n","protected":false},"author":1,"featured_media":0,"parent":0,"menu_order":0,"comment_status":"closed","ping_status":"closed","template":"page-templates\/template-pagebuilder-full-width.php","meta":{"om_disable_all_campaigns":false,"_monsterinsights_skip_tracking":false,"_monsterinsights_sitenote_active":false,"_monsterinsights_sitenote_note":"","_monsterinsights_sitenote_category":0,"footnotes":""},"class_list":["post-635","page","type-page","status-publish","hentry"],"aioseo_notices":[],"yoast_head":"<!-- This site is optimized with the Yoast SEO plugin v27.4 - https:\/\/yoast.com\/product\/yoast-seo-wordpress\/ -->\n<title>Ilustraci\u00f3n restaurante la finca -<\/title>\n<meta name=\"robots\" content=\"index, follow, max-snippet:-1, max-image-preview:large, max-video-preview:-1\" \/>\n<link rel=\"canonical\" href=\"https:\/\/oscarmcastro.com\/index.php\/ilustracion-restaurante-la-finca\/\" \/>\n<meta property=\"og:locale\" content=\"en_US\" \/>\n<meta property=\"og:type\" content=\"article\" \/>\n<meta property=\"og:title\" content=\"Ilustraci\u00f3n restaurante la finca -\" \/>\n<meta property=\"og:description\" content=\"Ilustraci\u00f3n para el restaurante: La finca Ilustraciones para el restaurante t\u00edpico La finca ubicado en la mesa de los santos &#8211; Santander . A\u00f1o de elaboraci\u00f3n: 2021 Bucaramanga \u2013 Colombia Atr\u00e1s Instagram Linkedin Behance\" \/>\n<meta property=\"og:url\" content=\"https:\/\/oscarmcastro.com\/index.php\/ilustracion-restaurante-la-finca\/\" \/>\n<meta property=\"article:modified_time\" content=\"2022-01-11T13:54:41+00:00\" \/>\n<meta property=\"og:image\" content=\"http:\/\/oscarmcastro.com\/wp-content\/uploads\/2022\/01\/restaurante-mesa-1-1024x234.png\" \/>\n<meta name=\"twitter:card\" content=\"summary_large_image\" \/>\n<meta name=\"twitter:label1\" content=\"Est. reading time\" \/>\n\t<meta name=\"twitter:data1\" content=\"1 minute\" \/>\n<script type=\"application\/ld+json\" class=\"yoast-schema-graph\">{\"@context\":\"https:\\\/\\\/schema.org\",\"@graph\":[{\"@type\":\"WebPage\",\"@id\":\"https:\\\/\\\/oscarmcastro.com\\\/index.php\\\/ilustracion-restaurante-la-finca\\\/\",\"url\":\"https:\\\/\\\/oscarmcastro.com\\\/index.php\\\/ilustracion-restaurante-la-finca\\\/\",\"name\":\"Ilustraci\u00f3n restaurante la finca -\",\"isPartOf\":{\"@id\":\"https:\\\/\\\/oscarmcastro.com\\\/#website\"},\"primaryImageOfPage\":{\"@id\":\"https:\\\/\\\/oscarmcastro.com\\\/index.php\\\/ilustracion-restaurante-la-finca\\\/#primaryimage\"},\"image\":{\"@id\":\"https:\\\/\\\/oscarmcastro.com\\\/index.php\\\/ilustracion-restaurante-la-finca\\\/#primaryimage\"},\"thumbnailUrl\":\"http:\\\/\\\/oscarmcastro.com\\\/wp-content\\\/uploads\\\/2022\\\/01\\\/restaurante-mesa-1-1024x234.png\",\"datePublished\":\"2022-01-06T13:56:09+00:00\",\"dateModified\":\"2022-01-11T13:54:41+00:00\",\"breadcrumb\":{\"@id\":\"https:\\\/\\\/oscarmcastro.com\\\/index.php\\\/ilustracion-restaurante-la-finca\\\/#breadcrumb\"},\"inLanguage\":\"en-US\",\"potentialAction\":[{\"@type\":\"ReadAction\",\"target\":[\"https:\\\/\\\/oscarmcastro.com\\\/index.php\\\/ilustracion-restaurante-la-finca\\\/\"]}]},{\"@type\":\"ImageObject\",\"inLanguage\":\"en-US\",\"@id\":\"https:\\\/\\\/oscarmcastro.com\\\/index.php\\\/ilustracion-restaurante-la-finca\\\/#primaryimage\",\"url\":\"http:\\\/\\\/oscarmcastro.com\\\/wp-content\\\/uploads\\\/2022\\\/01\\\/restaurante-mesa-1-1024x234.png\",\"contentUrl\":\"http:\\\/\\\/oscarmcastro.com\\\/wp-content\\\/uploads\\\/2022\\\/01\\\/restaurante-mesa-1-1024x234.png\"},{\"@type\":\"BreadcrumbList\",\"@id\":\"https:\\\/\\\/oscarmcastro.com\\\/index.php\\\/ilustracion-restaurante-la-finca\\\/#breadcrumb\",\"itemListElement\":[{\"@type\":\"ListItem\",\"position\":1,\"name\":\"Portada\",\"item\":\"https:\\\/\\\/oscarmcastro.com\\\/\"},{\"@type\":\"ListItem\",\"position\":2,\"name\":\"Ilustraci\u00f3n restaurante la finca\"}]},{\"@type\":\"WebSite\",\"@id\":\"https:\\\/\\\/oscarmcastro.com\\\/#website\",\"url\":\"https:\\\/\\\/oscarmcastro.com\\\/\",\"name\":\"\",\"description\":\"\",\"potentialAction\":[{\"@type\":\"SearchAction\",\"target\":{\"@type\":\"EntryPoint\",\"urlTemplate\":\"https:\\\/\\\/oscarmcastro.com\\\/?s={search_term_string}\"},\"query-input\":{\"@type\":\"PropertyValueSpecification\",\"valueRequired\":true,\"valueName\":\"search_term_string\"}}],\"inLanguage\":\"en-US\"}]}<\/script>\n<!-- \/ Yoast SEO plugin. -->","yoast_head_json":{"title":"Ilustraci\u00f3n restaurante la finca -","robots":{"index":"index","follow":"follow","max-snippet":"max-snippet:-1","max-image-preview":"max-image-preview:large","max-video-preview":"max-video-preview:-1"},"canonical":"https:\/\/oscarmcastro.com\/index.php\/ilustracion-restaurante-la-finca\/","og_locale":"en_US","og_type":"article","og_title":"Ilustraci\u00f3n restaurante la finca -","og_description":"Ilustraci\u00f3n para el restaurante: La finca Ilustraciones para el restaurante t\u00edpico La finca ubicado en la mesa de los santos &#8211; Santander . A\u00f1o de elaboraci\u00f3n: 2021 Bucaramanga \u2013 Colombia Atr\u00e1s Instagram Linkedin Behance","og_url":"https:\/\/oscarmcastro.com\/index.php\/ilustracion-restaurante-la-finca\/","article_modified_time":"2022-01-11T13:54:41+00:00","og_image":[{"url":"http:\/\/oscarmcastro.com\/wp-content\/uploads\/2022\/01\/restaurante-mesa-1-1024x234.png","type":"","width":"","height":""}],"twitter_card":"summary_large_image","twitter_misc":{"Est. reading time":"1 minute"},"schema":{"@context":"https:\/\/schema.org","@graph":[{"@type":"WebPage","@id":"https:\/\/oscarmcastro.com\/index.php\/ilustracion-restaurante-la-finca\/","url":"https:\/\/oscarmcastro.com\/index.php\/ilustracion-restaurante-la-finca\/","name":"Ilustraci\u00f3n restaurante la finca -","isPartOf":{"@id":"https:\/\/oscarmcastro.com\/#website"},"primaryImageOfPage":{"@id":"https:\/\/oscarmcastro.com\/index.php\/ilustracion-restaurante-la-finca\/#primaryimage"},"image":{"@id":"https:\/\/oscarmcastro.com\/index.php\/ilustracion-restaurante-la-finca\/#primaryimage"},"thumbnailUrl":"http:\/\/oscarmcastro.com\/wp-content\/uploads\/2022\/01\/restaurante-mesa-1-1024x234.png","datePublished":"2022-01-06T13:56:09+00:00","dateModified":"2022-01-11T13:54:41+00:00","breadcrumb":{"@id":"https:\/\/oscarmcastro.com\/index.php\/ilustracion-restaurante-la-finca\/#breadcrumb"},"inLanguage":"en-US","potentialAction":[{"@type":"ReadAction","target":["https:\/\/oscarmcastro.com\/index.php\/ilustracion-restaurante-la-finca\/"]}]},{"@type":"ImageObject","inLanguage":"en-US","@id":"https:\/\/oscarmcastro.com\/index.php\/ilustracion-restaurante-la-finca\/#primaryimage","url":"http:\/\/oscarmcastro.com\/wp-content\/uploads\/2022\/01\/restaurante-mesa-1-1024x234.png","contentUrl":"http:\/\/oscarmcastro.com\/wp-content\/uploads\/2022\/01\/restaurante-mesa-1-1024x234.png"},{"@type":"BreadcrumbList","@id":"https:\/\/oscarmcastro.com\/index.php\/ilustracion-restaurante-la-finca\/#breadcrumb","itemListElement":[{"@type":"ListItem","position":1,"name":"Portada","item":"https:\/\/oscarmcastro.com\/"},{"@type":"ListItem","position":2,"name":"Ilustraci\u00f3n restaurante la finca"}]},{"@type":"WebSite","@id":"https:\/\/oscarmcastro.com\/#website","url":"https:\/\/oscarmcastro.com\/","name":"","description":"","potentialAction":[{"@type":"SearchAction","target":{"@type":"EntryPoint","urlTemplate":"https:\/\/oscarmcastro.com\/?s={search_term_string}"},"query-input":{"@type":"PropertyValueSpecification","valueRequired":true,"valueName":"search_term_string"}}],"inLanguage":"en-US"}]}},"_links":{"self":[{"href":"https:\/\/oscarmcastro.com\/index.php\/wp-json\/wp\/v2\/pages\/635","targetHints":{"allow":["GET"]}}],"collection":[{"href":"https:\/\/oscarmcastro.com\/index.php\/wp-json\/wp\/v2\/pages"}],"about":[{"href":"https:\/\/oscarmcastro.com\/index.php\/wp-json\/wp\/v2\/types\/page"}],"author":[{"embeddable":true,"href":"https:\/\/oscarmcastro.com\/index.php\/wp-json\/wp\/v2\/users\/1"}],"replies":[{"embeddable":true,"href":"https:\/\/oscarmcastro.com\/index.php\/wp-json\/wp\/v2\/comments?post=635"}],"version-history":[{"count":10,"href":"https:\/\/oscarmcastro.com\/index.php\/wp-json\/wp\/v2\/pages\/635\/revisions"}],"predecessor-version":[{"id":1284,"href":"https:\/\/oscarmcastro.com\/index.php\/wp-json\/wp\/v2\/pages\/635\/revisions\/1284"}],"wp:attachment":[{"href":"https:\/\/oscarmcastro.com\/index.php\/wp-json\/wp\/v2\/media?parent=635"}],"curies":[{"name":"wp","href":"https:\/\/api.w.org\/{rel}","templated":true}]}}