{"id":500,"date":"2022-01-05T14:59:19","date_gmt":"2022-01-05T14:59:19","guid":{"rendered":"https:\/\/oscarmcastro.com\/?page_id=500"},"modified":"2023-12-28T14:22:28","modified_gmt":"2023-12-28T14:22:28","slug":"edicion-fotografica-tipo-caricatura","status":"publish","type":"page","link":"https:\/\/oscarmcastro.com\/index.php\/edicion-fotografica-tipo-caricatura\/","title":{"rendered":"Edici\u00f3n fotografica tipo caricatura"},"content":{"rendered":"\t\t<div data-elementor-type=\"wp-page\" data-elementor-id=\"500\" class=\"elementor elementor-500\">\n\t\t\t\t\t\t<section class=\"elementor-section elementor-top-section elementor-element elementor-element-0ecc1fd elementor-section-boxed elementor-section-height-default elementor-section-height-default\" data-id=\"0ecc1fd\" data-element_type=\"section\" data-e-type=\"section\">\n\t\t\t\t\t\t<div class=\"elementor-container elementor-column-gap-default\">\n\t\t\t\t\t<div class=\"elementor-column elementor-col-100 elementor-top-column elementor-element elementor-element-635f0bf\" data-id=\"635f0bf\" data-element_type=\"column\" data-e-type=\"column\">\n\t\t\t<div class=\"elementor-widget-wrap elementor-element-populated\">\n\t\t\t\t\t\t<div class=\"elementor-element elementor-element-74cb683 elementor-widget elementor-widget-heading\" data-id=\"74cb683\" data-element_type=\"widget\" data-e-type=\"widget\" data-widget_type=\"heading.default\">\n\t\t\t\t<div class=\"elementor-widget-container\">\n\t\t\t\t\t<h2 class=\"elementor-heading-title elementor-size-default\">Edici\u00f3n fotogr\u00e1fica tipo caricatura<\/h2>\t\t\t\t<\/div>\n\t\t\t\t<\/div>\n\t\t\t\t<div class=\"elementor-element elementor-element-ac355c3 elementor-widget elementor-widget-text-editor\" data-id=\"ac355c3\" data-element_type=\"widget\" data-e-type=\"widget\" data-widget_type=\"text-editor.default\">\n\t\t\t\t<div class=\"elementor-widget-container\">\n\t\t\t\t\t\t\t\t\t<p style=\"text-align: center; background: white; vertical-align: baseline; margin: 0cm 0cm 12.0pt 0cm;\" align=\"center\"><span style=\"font-size: 10.5pt; font-family: 'Helvetica',sans-serif; color: #5a5a5a;\">Ejercicio creativo. Edici\u00f3n fotorgr\u00e1fica simulando un efecto de caricatura \/\u00a0<\/span><span style=\"text-align: left;\"><span style=\"color: #5a5a5a; font-family: Helvetica, sans-serif;\">Creative exercise. Photo editing simulating a cartoon effect.<\/span><\/span><\/p><p style=\"text-align: center; background: white; vertical-align: baseline; margin: 0cm 0cm 12.0pt 0cm;\" align=\"center\"><span style=\"font-size: 10.5pt; font-family: 'Helvetica',sans-serif; color: #5a5a5a;\">A\u00f1o de elaboraci\u00f3n \/\u00a0<\/span><span style=\"color: #5a5a5a; font-family: Helvetica, sans-serif; font-weight: var( --e-global-typography-text-font-weight ); text-align: left;\">year of production<\/span><span style=\"color: #5a5a5a; font-family: Helvetica, sans-serif; font-size: 10.5pt; font-weight: var( --e-global-typography-text-font-weight );\">: 2020<\/span><\/p><p style=\"text-align: center; background: white; vertical-align: baseline; box-sizing: border-box; outline: 0px; font-variant-ligatures: normal; font-variant-caps: normal; orphans: 2; widows: 2; -webkit-text-stroke-width: 0px; text-decoration-thickness: initial; text-decoration-style: initial; text-decoration-color: initial; word-spacing: 0px; margin: 0cm 0cm 12.0pt 0cm;\" align=\"center\"><span style=\"font-size: 10.5pt; font-family: 'Helvetica',sans-serif; color: #5a5a5a;\">Bucaramanga \u2013 Colombia<\/span><\/p>\t\t\t\t\t\t\t\t<\/div>\n\t\t\t\t<\/div>\n\t\t\t\t<div class=\"elementor-element elementor-element-a988f19 elementor-widget elementor-widget-spacer\" data-id=\"a988f19\" data-element_type=\"widget\" data-e-type=\"widget\" data-widget_type=\"spacer.default\">\n\t\t\t\t<div class=\"elementor-widget-container\">\n\t\t\t\t\t\t\t<div class=\"elementor-spacer\">\n\t\t\t<div class=\"elementor-spacer-inner\"><\/div>\n\t\t<\/div>\n\t\t\t\t\t\t<\/div>\n\t\t\t\t<\/div>\n\t\t\t\t<div class=\"elementor-element elementor-element-93e8878 elementor-widget elementor-widget-heading\" data-id=\"93e8878\" data-element_type=\"widget\" data-e-type=\"widget\" data-widget_type=\"heading.default\">\n\t\t\t\t<div class=\"elementor-widget-container\">\n\t\t\t\t\t<h2 class=\"elementor-heading-title elementor-size-default\">Fotos originales \/ Original Picture<\/h2>\t\t\t\t<\/div>\n\t\t\t\t<\/div>\n\t\t\t\t<div class=\"elementor-element elementor-element-2dbbe94 elementor-widget elementor-widget-image\" data-id=\"2dbbe94\" data-element_type=\"widget\" data-e-type=\"widget\" data-widget_type=\"image.default\">\n\t\t\t\t<div class=\"elementor-widget-container\">\n\t\t\t\t\t\t\t\t\t\t\t\t\t\t\t<img fetchpriority=\"high\" decoding=\"async\" width=\"640\" height=\"480\" src=\"https:\/\/oscarmcastro.com\/wp-content\/uploads\/2022\/01\/3eeae8cc-768x576.jpg\" class=\"attachment-medium_large size-medium_large wp-image-502\" alt=\"\" srcset=\"https:\/\/oscarmcastro.com\/wp-content\/uploads\/2022\/01\/3eeae8cc-768x576.jpg 768w, https:\/\/oscarmcastro.com\/wp-content\/uploads\/2022\/01\/3eeae8cc-300x225.jpg 300w, https:\/\/oscarmcastro.com\/wp-content\/uploads\/2022\/01\/3eeae8cc-1024x768.jpg 1024w, https:\/\/oscarmcastro.com\/wp-content\/uploads\/2022\/01\/3eeae8cc-1536x1152.jpg 1536w, https:\/\/oscarmcastro.com\/wp-content\/uploads\/2022\/01\/3eeae8cc-2048x1536.jpg 2048w\" sizes=\"100vw\" \/>\t\t\t\t\t\t\t\t\t\t\t\t\t\t\t<\/div>\n\t\t\t\t<\/div>\n\t\t\t\t<div class=\"elementor-element elementor-element-324a0f2 elementor-widget elementor-widget-image\" data-id=\"324a0f2\" data-element_type=\"widget\" data-e-type=\"widget\" data-widget_type=\"image.default\">\n\t\t\t\t<div class=\"elementor-widget-container\">\n\t\t\t\t\t\t\t\t\t\t\t\t\t\t\t<img decoding=\"async\" width=\"640\" height=\"480\" src=\"https:\/\/oscarmcastro.com\/wp-content\/uploads\/2022\/01\/fe68cdef-768x576.jpg\" class=\"attachment-medium_large size-medium_large wp-image-503\" alt=\"\" srcset=\"https:\/\/oscarmcastro.com\/wp-content\/uploads\/2022\/01\/fe68cdef-768x576.jpg 768w, https:\/\/oscarmcastro.com\/wp-content\/uploads\/2022\/01\/fe68cdef-300x225.jpg 300w, https:\/\/oscarmcastro.com\/wp-content\/uploads\/2022\/01\/fe68cdef-1024x768.jpg 1024w, https:\/\/oscarmcastro.com\/wp-content\/uploads\/2022\/01\/fe68cdef-1536x1152.jpg 1536w, https:\/\/oscarmcastro.com\/wp-content\/uploads\/2022\/01\/fe68cdef-2048x1536.jpg 2048w\" sizes=\"100vw\" \/>\t\t\t\t\t\t\t\t\t\t\t\t\t\t\t<\/div>\n\t\t\t\t<\/div>\n\t\t\t\t<div class=\"elementor-element elementor-element-b303cab elementor-widget elementor-widget-spacer\" data-id=\"b303cab\" data-element_type=\"widget\" data-e-type=\"widget\" data-widget_type=\"spacer.default\">\n\t\t\t\t<div class=\"elementor-widget-container\">\n\t\t\t\t\t\t\t<div class=\"elementor-spacer\">\n\t\t\t<div class=\"elementor-spacer-inner\"><\/div>\n\t\t<\/div>\n\t\t\t\t\t\t<\/div>\n\t\t\t\t<\/div>\n\t\t\t\t<div class=\"elementor-element elementor-element-de050c8 elementor-widget elementor-widget-heading\" data-id=\"de050c8\" data-element_type=\"widget\" data-e-type=\"widget\" data-widget_type=\"heading.default\">\n\t\t\t\t<div class=\"elementor-widget-container\">\n\t\t\t\t\t<h2 class=\"elementor-heading-title elementor-size-default\">Proceso de edici\u00f3n \/ Editing process<\/h2>\t\t\t\t<\/div>\n\t\t\t\t<\/div>\n\t\t\t\t<div class=\"elementor-element elementor-element-d349063 elementor-widget elementor-widget-image\" data-id=\"d349063\" data-element_type=\"widget\" data-e-type=\"widget\" data-widget_type=\"image.default\">\n\t\t\t\t<div class=\"elementor-widget-container\">\n\t\t\t\t\t\t\t\t\t\t\t\t\t\t\t<img decoding=\"async\" width=\"640\" height=\"480\" src=\"https:\/\/oscarmcastro.com\/wp-content\/uploads\/2022\/01\/33d7e006-1024x768.jpg\" class=\"attachment-large size-large wp-image-504\" alt=\"\" srcset=\"https:\/\/oscarmcastro.com\/wp-content\/uploads\/2022\/01\/33d7e006-1024x768.jpg 1024w, https:\/\/oscarmcastro.com\/wp-content\/uploads\/2022\/01\/33d7e006-300x225.jpg 300w, https:\/\/oscarmcastro.com\/wp-content\/uploads\/2022\/01\/33d7e006-768x576.jpg 768w, https:\/\/oscarmcastro.com\/wp-content\/uploads\/2022\/01\/33d7e006-1536x1152.jpg 1536w, https:\/\/oscarmcastro.com\/wp-content\/uploads\/2022\/01\/33d7e006-2048x1536.jpg 2048w\" sizes=\"100vw\" \/>\t\t\t\t\t\t\t\t\t\t\t\t\t\t\t<\/div>\n\t\t\t\t<\/div>\n\t\t\t\t<div class=\"elementor-element elementor-element-29773a1 elementor-widget elementor-widget-spacer\" data-id=\"29773a1\" data-element_type=\"widget\" data-e-type=\"widget\" data-widget_type=\"spacer.default\">\n\t\t\t\t<div class=\"elementor-widget-container\">\n\t\t\t\t\t\t\t<div class=\"elementor-spacer\">\n\t\t\t<div class=\"elementor-spacer-inner\"><\/div>\n\t\t<\/div>\n\t\t\t\t\t\t<\/div>\n\t\t\t\t<\/div>\n\t\t\t\t<div class=\"elementor-element elementor-element-5af9d06 elementor-widget elementor-widget-heading\" data-id=\"5af9d06\" data-element_type=\"widget\" data-e-type=\"widget\" data-widget_type=\"heading.default\">\n\t\t\t\t<div class=\"elementor-widget-container\">\n\t\t\t\t\t<h2 class=\"elementor-heading-title elementor-size-default\">Final Result<\/h2>\t\t\t\t<\/div>\n\t\t\t\t<\/div>\n\t\t\t\t<div class=\"elementor-element elementor-element-263bfbe elementor-widget elementor-widget-image\" data-id=\"263bfbe\" data-element_type=\"widget\" data-e-type=\"widget\" data-widget_type=\"image.default\">\n\t\t\t\t<div class=\"elementor-widget-container\">\n\t\t\t\t\t\t\t\t\t\t\t\t\t\t\t<img loading=\"lazy\" decoding=\"async\" width=\"640\" height=\"640\" src=\"https:\/\/oscarmcastro.com\/wp-content\/uploads\/2021\/12\/EDICION-YO-1024x1024.jpg\" class=\"attachment-large size-large wp-image-391\" alt=\"\" srcset=\"https:\/\/oscarmcastro.com\/wp-content\/uploads\/2021\/12\/EDICION-YO-1024x1024.jpg 1024w, https:\/\/oscarmcastro.com\/wp-content\/uploads\/2021\/12\/EDICION-YO-300x300.jpg 300w, https:\/\/oscarmcastro.com\/wp-content\/uploads\/2021\/12\/EDICION-YO-150x150.jpg 150w, https:\/\/oscarmcastro.com\/wp-content\/uploads\/2021\/12\/EDICION-YO-768x768.jpg 768w, https:\/\/oscarmcastro.com\/wp-content\/uploads\/2021\/12\/EDICION-YO.jpg 1080w\" sizes=\"100vw\" \/>\t\t\t\t\t\t\t\t\t\t\t\t\t\t\t<\/div>\n\t\t\t\t<\/div>\n\t\t\t\t<div class=\"elementor-element elementor-element-be7d888 elementor-widget elementor-widget-spacer\" data-id=\"be7d888\" data-element_type=\"widget\" data-e-type=\"widget\" data-widget_type=\"spacer.default\">\n\t\t\t\t<div class=\"elementor-widget-container\">\n\t\t\t\t\t\t\t<div class=\"elementor-spacer\">\n\t\t\t<div class=\"elementor-spacer-inner\"><\/div>\n\t\t<\/div>\n\t\t\t\t\t\t<\/div>\n\t\t\t\t<\/div>\n\t\t\t\t<div class=\"elementor-element elementor-element-b86590e elementor-align-center elementor-widget elementor-widget-button\" data-id=\"b86590e\" data-element_type=\"widget\" data-e-type=\"widget\" data-widget_type=\"button.default\">\n\t\t\t\t<div class=\"elementor-widget-container\">\n\t\t\t\t\t\t\t\t\t<div class=\"elementor-button-wrapper\">\n\t\t\t\t\t<a class=\"elementor-button elementor-button-link elementor-size-sm\" href=\"https:\/\/oscarmcastro.com\/index.php\/portafolio\/\">\n\t\t\t\t\t\t<span class=\"elementor-button-content-wrapper\">\n\t\t\t\t\t\t\t\t\t<span class=\"elementor-button-text\">Atr\u00e1s \/ Back<\/span>\n\t\t\t\t\t<\/span>\n\t\t\t\t\t<\/a>\n\t\t\t\t<\/div>\n\t\t\t\t\t\t\t\t<\/div>\n\t\t\t\t<\/div>\n\t\t\t\t<div class=\"elementor-element elementor-element-6de2903 elementor-widget elementor-widget-spacer\" data-id=\"6de2903\" data-element_type=\"widget\" data-e-type=\"widget\" data-widget_type=\"spacer.default\">\n\t\t\t\t<div class=\"elementor-widget-container\">\n\t\t\t\t\t\t\t<div class=\"elementor-spacer\">\n\t\t\t<div class=\"elementor-spacer-inner\"><\/div>\n\t\t<\/div>\n\t\t\t\t\t\t<\/div>\n\t\t\t\t<\/div>\n\t\t\t\t<div class=\"elementor-element elementor-element-d0499d8 elementor-shape-rounded elementor-grid-0 e-grid-align-center elementor-widget elementor-widget-social-icons\" data-id=\"d0499d8\" data-element_type=\"widget\" data-e-type=\"widget\" data-widget_type=\"social-icons.default\">\n\t\t\t\t<div class=\"elementor-widget-container\">\n\t\t\t\t\t\t\t<div class=\"elementor-social-icons-wrapper elementor-grid\" role=\"list\">\n\t\t\t\t\t\t\t<span class=\"elementor-grid-item\" role=\"listitem\">\n\t\t\t\t\t<a class=\"elementor-icon elementor-social-icon elementor-social-icon-instagram elementor-repeater-item-25aa66b\" href=\"https:\/\/www.instagram.com\/oscar182di\/?hl=es-la\" target=\"_blank\">\n\t\t\t\t\t\t<span class=\"elementor-screen-only\">Instagram<\/span>\n\t\t\t\t\t\t<i aria-hidden=\"true\" class=\"fab fa-instagram\"><\/i>\t\t\t\t\t<\/a>\n\t\t\t\t<\/span>\n\t\t\t\t\t\t\t<span class=\"elementor-grid-item\" role=\"listitem\">\n\t\t\t\t\t<a class=\"elementor-icon elementor-social-icon elementor-social-icon-linkedin elementor-repeater-item-33f77f8\" href=\"https:\/\/www.linkedin.com\/in\/oscar-mauricio-castro-parra-212134123\/\" target=\"_blank\">\n\t\t\t\t\t\t<span class=\"elementor-screen-only\">Linkedin<\/span>\n\t\t\t\t\t\t<i aria-hidden=\"true\" class=\"fab fa-linkedin\"><\/i>\t\t\t\t\t<\/a>\n\t\t\t\t<\/span>\n\t\t\t\t\t\t\t<span class=\"elementor-grid-item\" role=\"listitem\">\n\t\t\t\t\t<a class=\"elementor-icon elementor-social-icon elementor-social-icon-behance elementor-repeater-item-e8ad83f\" href=\"https:\/\/www.behance.net\/oscar182di13fc\" target=\"_blank\">\n\t\t\t\t\t\t<span class=\"elementor-screen-only\">Behance<\/span>\n\t\t\t\t\t\t<i aria-hidden=\"true\" class=\"fab fa-behance\"><\/i>\t\t\t\t\t<\/a>\n\t\t\t\t<\/span>\n\t\t\t\t\t<\/div>\n\t\t\t\t\t\t<\/div>\n\t\t\t\t<\/div>\n\t\t\t\t\t<\/div>\n\t\t<\/div>\n\t\t\t\t\t<\/div>\n\t\t<\/section>\n\t\t\t\t<\/div>\n\t\t","protected":false},"excerpt":{"rendered":"<p>Edici\u00f3n fotogr\u00e1fica tipo caricatura Ejercicio creativo. Edici\u00f3n fotorgr\u00e1fica simulando un efecto de caricatura \/\u00a0Creative exercise. Photo editing simulating a cartoon effect. A\u00f1o de elaboraci\u00f3n \/\u00a0year of production: 2020 Bucaramanga \u2013 Colombia Fotos originales \/ Original Picture Proceso de edici\u00f3n \/ Editing process Final Result Atr\u00e1s \/ Back Instagram Linkedin Behance<\/p>\n","protected":false},"author":1,"featured_media":0,"parent":0,"menu_order":0,"comment_status":"closed","ping_status":"closed","template":"","meta":{"om_disable_all_campaigns":false,"_monsterinsights_skip_tracking":false,"_monsterinsights_sitenote_active":false,"_monsterinsights_sitenote_note":"","_monsterinsights_sitenote_category":0,"footnotes":""},"class_list":["post-500","page","type-page","status-publish","hentry"],"aioseo_notices":[],"yoast_head":"<!-- This site is optimized with the Yoast SEO plugin v27.4 - https:\/\/yoast.com\/product\/yoast-seo-wordpress\/ -->\n<title>Edici\u00f3n fotografica tipo caricatura -<\/title>\n<meta name=\"robots\" content=\"index, follow, max-snippet:-1, max-image-preview:large, max-video-preview:-1\" \/>\n<link rel=\"canonical\" href=\"https:\/\/oscarmcastro.com\/index.php\/edicion-fotografica-tipo-caricatura\/\" \/>\n<meta property=\"og:locale\" content=\"en_US\" \/>\n<meta property=\"og:type\" content=\"article\" \/>\n<meta property=\"og:title\" content=\"Edici\u00f3n fotografica tipo caricatura -\" \/>\n<meta property=\"og:description\" content=\"Edici\u00f3n fotogr\u00e1fica tipo caricatura Ejercicio creativo. Edici\u00f3n fotorgr\u00e1fica simulando un efecto de caricatura \/\u00a0Creative exercise. Photo editing simulating a cartoon effect. A\u00f1o de elaboraci\u00f3n \/\u00a0year of production: 2020 Bucaramanga \u2013 Colombia Fotos originales \/ Original Picture Proceso de edici\u00f3n \/ Editing process Final Result Atr\u00e1s \/ Back Instagram Linkedin Behance\" \/>\n<meta property=\"og:url\" content=\"https:\/\/oscarmcastro.com\/index.php\/edicion-fotografica-tipo-caricatura\/\" \/>\n<meta property=\"article:modified_time\" content=\"2023-12-28T14:22:28+00:00\" \/>\n<meta property=\"og:image\" content=\"http:\/\/oscarmcastro.com\/wp-content\/uploads\/2022\/01\/3eeae8cc-768x576.jpg\" \/>\n<meta name=\"twitter:card\" content=\"summary_large_image\" \/>\n<meta name=\"twitter:label1\" content=\"Est. reading time\" \/>\n\t<meta name=\"twitter:data1\" content=\"1 minute\" \/>\n<script type=\"application\/ld+json\" class=\"yoast-schema-graph\">{\"@context\":\"https:\\\/\\\/schema.org\",\"@graph\":[{\"@type\":\"WebPage\",\"@id\":\"https:\\\/\\\/oscarmcastro.com\\\/index.php\\\/edicion-fotografica-tipo-caricatura\\\/\",\"url\":\"https:\\\/\\\/oscarmcastro.com\\\/index.php\\\/edicion-fotografica-tipo-caricatura\\\/\",\"name\":\"Edici\u00f3n fotografica tipo caricatura -\",\"isPartOf\":{\"@id\":\"https:\\\/\\\/oscarmcastro.com\\\/#website\"},\"primaryImageOfPage\":{\"@id\":\"https:\\\/\\\/oscarmcastro.com\\\/index.php\\\/edicion-fotografica-tipo-caricatura\\\/#primaryimage\"},\"image\":{\"@id\":\"https:\\\/\\\/oscarmcastro.com\\\/index.php\\\/edicion-fotografica-tipo-caricatura\\\/#primaryimage\"},\"thumbnailUrl\":\"http:\\\/\\\/oscarmcastro.com\\\/wp-content\\\/uploads\\\/2022\\\/01\\\/3eeae8cc-768x576.jpg\",\"datePublished\":\"2022-01-05T14:59:19+00:00\",\"dateModified\":\"2023-12-28T14:22:28+00:00\",\"breadcrumb\":{\"@id\":\"https:\\\/\\\/oscarmcastro.com\\\/index.php\\\/edicion-fotografica-tipo-caricatura\\\/#breadcrumb\"},\"inLanguage\":\"en-US\",\"potentialAction\":[{\"@type\":\"ReadAction\",\"target\":[\"https:\\\/\\\/oscarmcastro.com\\\/index.php\\\/edicion-fotografica-tipo-caricatura\\\/\"]}]},{\"@type\":\"ImageObject\",\"inLanguage\":\"en-US\",\"@id\":\"https:\\\/\\\/oscarmcastro.com\\\/index.php\\\/edicion-fotografica-tipo-caricatura\\\/#primaryimage\",\"url\":\"http:\\\/\\\/oscarmcastro.com\\\/wp-content\\\/uploads\\\/2022\\\/01\\\/3eeae8cc-768x576.jpg\",\"contentUrl\":\"http:\\\/\\\/oscarmcastro.com\\\/wp-content\\\/uploads\\\/2022\\\/01\\\/3eeae8cc-768x576.jpg\"},{\"@type\":\"BreadcrumbList\",\"@id\":\"https:\\\/\\\/oscarmcastro.com\\\/index.php\\\/edicion-fotografica-tipo-caricatura\\\/#breadcrumb\",\"itemListElement\":[{\"@type\":\"ListItem\",\"position\":1,\"name\":\"Portada\",\"item\":\"https:\\\/\\\/oscarmcastro.com\\\/\"},{\"@type\":\"ListItem\",\"position\":2,\"name\":\"Edici\u00f3n fotografica tipo caricatura\"}]},{\"@type\":\"WebSite\",\"@id\":\"https:\\\/\\\/oscarmcastro.com\\\/#website\",\"url\":\"https:\\\/\\\/oscarmcastro.com\\\/\",\"name\":\"\",\"description\":\"\",\"potentialAction\":[{\"@type\":\"SearchAction\",\"target\":{\"@type\":\"EntryPoint\",\"urlTemplate\":\"https:\\\/\\\/oscarmcastro.com\\\/?s={search_term_string}\"},\"query-input\":{\"@type\":\"PropertyValueSpecification\",\"valueRequired\":true,\"valueName\":\"search_term_string\"}}],\"inLanguage\":\"en-US\"}]}<\/script>\n<!-- \/ Yoast SEO plugin. -->","yoast_head_json":{"title":"Edici\u00f3n fotografica tipo caricatura -","robots":{"index":"index","follow":"follow","max-snippet":"max-snippet:-1","max-image-preview":"max-image-preview:large","max-video-preview":"max-video-preview:-1"},"canonical":"https:\/\/oscarmcastro.com\/index.php\/edicion-fotografica-tipo-caricatura\/","og_locale":"en_US","og_type":"article","og_title":"Edici\u00f3n fotografica tipo caricatura -","og_description":"Edici\u00f3n fotogr\u00e1fica tipo caricatura Ejercicio creativo. Edici\u00f3n fotorgr\u00e1fica simulando un efecto de caricatura \/\u00a0Creative exercise. Photo editing simulating a cartoon effect. A\u00f1o de elaboraci\u00f3n \/\u00a0year of production: 2020 Bucaramanga \u2013 Colombia Fotos originales \/ Original Picture Proceso de edici\u00f3n \/ Editing process Final Result Atr\u00e1s \/ Back Instagram Linkedin Behance","og_url":"https:\/\/oscarmcastro.com\/index.php\/edicion-fotografica-tipo-caricatura\/","article_modified_time":"2023-12-28T14:22:28+00:00","og_image":[{"url":"http:\/\/oscarmcastro.com\/wp-content\/uploads\/2022\/01\/3eeae8cc-768x576.jpg","type":"","width":"","height":""}],"twitter_card":"summary_large_image","twitter_misc":{"Est. reading time":"1 minute"},"schema":{"@context":"https:\/\/schema.org","@graph":[{"@type":"WebPage","@id":"https:\/\/oscarmcastro.com\/index.php\/edicion-fotografica-tipo-caricatura\/","url":"https:\/\/oscarmcastro.com\/index.php\/edicion-fotografica-tipo-caricatura\/","name":"Edici\u00f3n fotografica tipo caricatura -","isPartOf":{"@id":"https:\/\/oscarmcastro.com\/#website"},"primaryImageOfPage":{"@id":"https:\/\/oscarmcastro.com\/index.php\/edicion-fotografica-tipo-caricatura\/#primaryimage"},"image":{"@id":"https:\/\/oscarmcastro.com\/index.php\/edicion-fotografica-tipo-caricatura\/#primaryimage"},"thumbnailUrl":"http:\/\/oscarmcastro.com\/wp-content\/uploads\/2022\/01\/3eeae8cc-768x576.jpg","datePublished":"2022-01-05T14:59:19+00:00","dateModified":"2023-12-28T14:22:28+00:00","breadcrumb":{"@id":"https:\/\/oscarmcastro.com\/index.php\/edicion-fotografica-tipo-caricatura\/#breadcrumb"},"inLanguage":"en-US","potentialAction":[{"@type":"ReadAction","target":["https:\/\/oscarmcastro.com\/index.php\/edicion-fotografica-tipo-caricatura\/"]}]},{"@type":"ImageObject","inLanguage":"en-US","@id":"https:\/\/oscarmcastro.com\/index.php\/edicion-fotografica-tipo-caricatura\/#primaryimage","url":"http:\/\/oscarmcastro.com\/wp-content\/uploads\/2022\/01\/3eeae8cc-768x576.jpg","contentUrl":"http:\/\/oscarmcastro.com\/wp-content\/uploads\/2022\/01\/3eeae8cc-768x576.jpg"},{"@type":"BreadcrumbList","@id":"https:\/\/oscarmcastro.com\/index.php\/edicion-fotografica-tipo-caricatura\/#breadcrumb","itemListElement":[{"@type":"ListItem","position":1,"name":"Portada","item":"https:\/\/oscarmcastro.com\/"},{"@type":"ListItem","position":2,"name":"Edici\u00f3n fotografica tipo caricatura"}]},{"@type":"WebSite","@id":"https:\/\/oscarmcastro.com\/#website","url":"https:\/\/oscarmcastro.com\/","name":"","description":"","potentialAction":[{"@type":"SearchAction","target":{"@type":"EntryPoint","urlTemplate":"https:\/\/oscarmcastro.com\/?s={search_term_string}"},"query-input":{"@type":"PropertyValueSpecification","valueRequired":true,"valueName":"search_term_string"}}],"inLanguage":"en-US"}]}},"_links":{"self":[{"href":"https:\/\/oscarmcastro.com\/index.php\/wp-json\/wp\/v2\/pages\/500","targetHints":{"allow":["GET"]}}],"collection":[{"href":"https:\/\/oscarmcastro.com\/index.php\/wp-json\/wp\/v2\/pages"}],"about":[{"href":"https:\/\/oscarmcastro.com\/index.php\/wp-json\/wp\/v2\/types\/page"}],"author":[{"embeddable":true,"href":"https:\/\/oscarmcastro.com\/index.php\/wp-json\/wp\/v2\/users\/1"}],"replies":[{"embeddable":true,"href":"https:\/\/oscarmcastro.com\/index.php\/wp-json\/wp\/v2\/comments?post=500"}],"version-history":[{"count":13,"href":"https:\/\/oscarmcastro.com\/index.php\/wp-json\/wp\/v2\/pages\/500\/revisions"}],"predecessor-version":[{"id":2000,"href":"https:\/\/oscarmcastro.com\/index.php\/wp-json\/wp\/v2\/pages\/500\/revisions\/2000"}],"wp:attachment":[{"href":"https:\/\/oscarmcastro.com\/index.php\/wp-json\/wp\/v2\/media?parent=500"}],"curies":[{"name":"wp","href":"https:\/\/api.w.org\/{rel}","templated":true}]}}